{"id":49,"date":"2017-07-03T13:30:13","date_gmt":"2017-07-03T13:30:13","guid":{"rendered":"https:\/\/www.fablab-sud31.fr\/wordpress\/?page_id=49"},"modified":"2018-02-04T20:01:10","modified_gmt":"2018-02-04T19:01:10","slug":"cest-quoi","status":"publish","type":"page","link":"https:\/\/www.fablab-sud31.fr\/index.php\/cest-quoi","title":{"rendered":"C&rsquo;est quoi ?"},"content":{"rendered":"<h1><strong>Qu&rsquo;est-ce qu&rsquo;un Fab Lab\u00a0?<\/strong><\/h1>\n<p>Un Fab Lab (pour <em>FABrication LABoratory<\/em>, ou laboratoire de fabrication) est un lieu ouvert au public, et destin\u00e9 \u00e0 permettre \u00e0 ce dernier de prototyper rapidement des projets, de r\u00e9aliser ses id\u00e9es, ou bien d&rsquo;enrichir ses connaissances en \u00e9lectronique, CFAO (Conception et Fabrication Assist\u00e9es par Ordinateur), etc.<\/p>\n<p>Le Fab Lab s&rsquo;inscrit dans le mouvement des <em>Makers<\/em> (\u00ab\u00a0ceux qui font\u00a0\u00bb) et du <em>DIY<\/em> (Do It Yourself\u00a0: Faites-le vous-m\u00eame).<\/p>\n<p>Le concept de Fab Lab a \u00e9t\u00e9 initi\u00e9 par le MIT, et a essaim\u00e9 dans le monde entier (\u00c9tats-Unis, Afghanistan, Norv\u00e8ge, Ghana, Costa Rica\u2026 et France).<\/p>\n<p>La notion principale du Fab Lab est le partage de connaissances\u00a0: on ne vient pas dans un Fab Lab pour faire faire par les autres, mais pour apprendre \u00e0 faire.<\/p>\n<h1><strong>Que trouve-t-on dans un Fab Lab\u00a0?<\/strong><\/h1>\n<p>Un Fab Lab propose diff\u00e9rents outils permettant de passer d&rsquo;un mod\u00e8le num\u00e9rique \u00e0 une r\u00e9alisation physique\u00a0:<\/p>\n<ul>\n<li>Imprimante 3D,<\/li>\n<li>Fraiseuse CNC (\u00e0 commande num\u00e9rique),<\/li>\n<li>D\u00e9coupeuse \/ graveuse laser,<\/li>\n<li>D\u00e9coupe vinyle.<\/li>\n<\/ul>\n<p>Mais aussi\u00a0:<\/p>\n<ul>\n<li>Du petit outillage d\u00e9di\u00e9 \u00e0 l&rsquo;\u00e9lectronique et au bricolage,<\/li>\n<li>Un acc\u00e8s Internet pour les contacts avec les autres Fab Labs.<\/li>\n<\/ul>\n<h1><strong>Qui trouve-t-on dans un Fab Lab\u00a0?<\/strong><\/h1>\n<ul>\n<li>Grand public venant d\u00e9couvrir les Fab Labs pour r\u00e9aliser de petits projets\u00a0: d\u00e9coupe, impression sur tissus, r\u00e9parations, etc.),<\/li>\n<li>\u00c9tudiants en \u00e9cole de design, des Beaux-Arts, d&rsquo;architecture ne disposant pas de ce type de machine \u00e0 commande num\u00e9rique dans leur \u00e9tablissement,<\/li>\n<li>\u00ab\u00a0Pro-amateurs\u00a0\u00bb venant d\u00e9velopper leurs projets,<\/li>\n<li>Quelques entreprises, startups lors de journ\u00e9es \u00ab\u00a0priv\u00e9es\u00a0\u00bb.<\/li>\n<\/ul>\n<h1><strong>Pourquoi le Fab Lab Sud31-Val d&rsquo;Ari\u00e8ge\u00a0?<\/strong><\/h1>\n<p>Un Fab Lab est \u00e0 l&rsquo;origine profond\u00e9ment citadin, de par la concentration de personnes pr\u00e9sentes en ville.<\/p>\n<p>Dans le cas de la Haute-Garonne et de l&rsquo;Ari\u00e8ge, le Fab Lab le plus proche est <a title=\"Artilect\" href=\"https:\/\/www.artilect.fr\/\" hreflang=\"fr\" class=\"external external_icon\" rel=\"nofollow\" target=\"_blank\">Artilect<\/a>, situ\u00e9 \u00e0 Toulouse. De plus, il est ouvert en journ\u00e9e seulement et ferme en semaine en g\u00e9n\u00e9ral \u00e0 29h (sauf lundi \u00e0 22h).<\/p>\n<p>Pour les personnes vivant dans le sud de la Haute-Garonne \/ l&rsquo;Ari\u00e8ge, il n&rsquo;y a pas de Fab Lab proche et ouvert \u00e0 des horaires accessibles (hors horaires de travail).<\/p>\n<p>Monter un Fab Lab en milieu rural permet d&rsquo;aider \u00e0 la r\u00e9duction de la fracture num\u00e9rique et technologique entre ville et campagne.<\/p>\n<p>Un Fab Lab est aussi un espace convivial d&rsquo;\u00e9change d&rsquo;id\u00e9es qui peut participer \u00e0 l&rsquo;innovation.<\/p>\n","protected":false},"excerpt":{"rendered":"<p>Qu&rsquo;est-ce qu&rsquo;un Fab Lab\u00a0? Un Fab Lab (pour FABrication LABoratory, ou laboratoire de fabrication) est un lieu ouvert au public, et destin\u00e9 \u00e0 permettre \u00e0 ce dernier de prototyper rapidement &hellip; <\/p>\n<p class=\"link-more\"><a href=\"https:\/\/www.fablab-sud31.fr\/index.php\/cest-quoi\" class=\"more-link\">Continuer la lecture<span class=\"screen-reader-text\"> de &laquo;&nbsp;C&rsquo;est quoi ?&nbsp;&raquo;<\/span><\/a><\/p>\n","protected":false},"author":1,"featured_media":0,"parent":0,"menu_order":0,"comment_status":"closed","ping_status":"closed","template":"","meta":{"footnotes":""},"class_list":["post-49","page","type-page","status-publish","hentry"],"_links":{"self":[{"href":"https:\/\/www.fablab-sud31.fr\/index.php\/wp-json\/wp\/v2\/pages\/49","targetHints":{"allow":["GET"]}}],"collection":[{"href":"https:\/\/www.fablab-sud31.fr\/index.php\/wp-json\/wp\/v2\/pages"}],"about":[{"href":"https:\/\/www.fablab-sud31.fr\/index.php\/wp-json\/wp\/v2\/types\/page"}],"author":[{"embeddable":true,"href":"https:\/\/www.fablab-sud31.fr\/index.php\/wp-json\/wp\/v2\/users\/1"}],"replies":[{"embeddable":true,"href":"https:\/\/www.fablab-sud31.fr\/index.php\/wp-json\/wp\/v2\/comments?post=49"}],"version-history":[{"count":3,"href":"https:\/\/www.fablab-sud31.fr\/index.php\/wp-json\/wp\/v2\/pages\/49\/revisions"}],"predecessor-version":[{"id":959,"href":"https:\/\/www.fablab-sud31.fr\/index.php\/wp-json\/wp\/v2\/pages\/49\/revisions\/959"}],"wp:attachment":[{"href":"https:\/\/www.fablab-sud31.fr\/index.php\/wp-json\/wp\/v2\/media?parent=49"}],"curies":[{"name":"wp","href":"https:\/\/api.w.org\/{rel}","templated":true}]}}