{"id":229,"date":"2017-07-03T18:00:06","date_gmt":"2017-07-03T16:00:06","guid":{"rendered":"https:\/\/www.fablab-sud31.fr\/wordpress\/?page_id=229"},"modified":"2026-02-07T14:55:13","modified_gmt":"2026-02-07T13:55:13","slug":"lequipement","status":"publish","type":"page","link":"https:\/\/www.fablab-sud31.fr\/index.php\/lequipement","title":{"rendered":"L&rsquo;\u00e9quipement"},"content":{"rendered":"\n<h1 class=\"wp-block-heading\">Conception physique<\/h1>\n\n\n\n<p>Plus de d\u00e9tails sur les \u00e9quipements ainsi que leurs manuels sont disponible sur la <a href=\"https:\/\/wiki.fablab-sud31.fr\/index.php\/Equipements\" class=\"external external_icon\" rel=\"nofollow\" target=\"_blank\">page d\u00e9di\u00e9e du wiki<\/a><\/p>\n\n\n\n<p>\u200b<\/p>\n\n\n\n<figure class=\"wp-block-table table table-striped is-style-stripes\"><table class=\"has-fixed-layout\"><thead><tr><th>&nbsp;<\/th><th>Machine<\/th><th>Tarif d&rsquo;utilisation <sup>*<\/sup><br>(membre)<\/th><th>Tarif d&rsquo;utilisation <sup>*<\/sup><br>(non membre**)<\/th><\/tr><\/thead><tbody><tr><td>&nbsp;<img loading=\"lazy\" decoding=\"async\" width=\"150\" height=\"150\" class=\"wp-image-1567\" style=\"width: 150px;\" src=\"https:\/\/www.fablab-sud31.fr\/wp-content\/uploads\/2026\/02\/creality-k2-plus.jpg\" alt=\"\" srcset=\"https:\/\/www.fablab-sud31.fr\/wp-content\/uploads\/2026\/02\/creality-k2-plus.jpg 1000w, https:\/\/www.fablab-sud31.fr\/wp-content\/uploads\/2026\/02\/creality-k2-plus-300x300.jpg 300w, https:\/\/www.fablab-sud31.fr\/wp-content\/uploads\/2026\/02\/creality-k2-plus-150x150.jpg 150w, https:\/\/www.fablab-sud31.fr\/wp-content\/uploads\/2026\/02\/creality-k2-plus-768x768.jpg 768w, https:\/\/www.fablab-sud31.fr\/wp-content\/uploads\/2026\/02\/creality-k2-plus-100x100.jpg 100w\" sizes=\"auto, (max-width: 150px) 100vw, 150px\" \/><\/td><td>&nbsp;Creality K2+<\/td><td>&nbsp;0,02 \u20ac \/ g de filament<\/td><td>&nbsp;0,10 \u20ac \/ g de filament<\/td><\/tr><tr><td><img loading=\"lazy\" decoding=\"async\" width=\"150\" height=\"200\" class=\"wp-image-1566\" style=\"width: 150px;\" src=\"https:\/\/www.fablab-sud31.fr\/wp-content\/uploads\/2026\/02\/creality_halot_lite_s.jpg\" alt=\"\" srcset=\"https:\/\/www.fablab-sud31.fr\/wp-content\/uploads\/2026\/02\/creality_halot_lite_s.jpg 1042w, https:\/\/www.fablab-sud31.fr\/wp-content\/uploads\/2026\/02\/creality_halot_lite_s-225x300.jpg 225w, https:\/\/www.fablab-sud31.fr\/wp-content\/uploads\/2026\/02\/creality_halot_lite_s-767x1024.jpg 767w, https:\/\/www.fablab-sud31.fr\/wp-content\/uploads\/2026\/02\/creality_halot_lite_s-768x1026.jpg 768w\" sizes=\"auto, (max-width: 150px) 100vw, 150px\" \/><\/td><td>Creality Halot Lite<\/td><td>En cours d&rsquo;apprentissage<\/td><td><\/td><\/tr><tr><td><img loading=\"lazy\" decoding=\"async\" width=\"150\" height=\"176\" class=\"wp-image-1564\" style=\"width: 150px;\" src=\"https:\/\/www.fablab-sud31.fr\/wp-content\/uploads\/2026\/02\/ankermake_m5c.jpg\" alt=\"\" srcset=\"https:\/\/www.fablab-sud31.fr\/wp-content\/uploads\/2026\/02\/ankermake_m5c.jpg 1005w, https:\/\/www.fablab-sud31.fr\/wp-content\/uploads\/2026\/02\/ankermake_m5c-256x300.jpg 256w, https:\/\/www.fablab-sud31.fr\/wp-content\/uploads\/2026\/02\/ankermake_m5c-873x1024.jpg 873w, https:\/\/www.fablab-sud31.fr\/wp-content\/uploads\/2026\/02\/ankermake_m5c-768x901.jpg 768w\" sizes=\"auto, (max-width: 150px) 100vw, 150px\" \/><\/td><td>AnkerMake M5C<\/td><td>0,02 \u20ac \/ g de filament<\/td><td>0,10 \u20ac \/ g de filament<\/td><\/tr><tr><td><img loading=\"lazy\" decoding=\"async\" width=\"150\" height=\"150\" class=\"wp-image-1565\" style=\"width: 150px;\" src=\"https:\/\/www.fablab-sud31.fr\/wp-content\/uploads\/2026\/02\/artillery_sidewinder-x1.jpg\" alt=\"\" srcset=\"https:\/\/www.fablab-sud31.fr\/wp-content\/uploads\/2026\/02\/artillery_sidewinder-x1.jpg 1500w, https:\/\/www.fablab-sud31.fr\/wp-content\/uploads\/2026\/02\/artillery_sidewinder-x1-300x300.jpg 300w, https:\/\/www.fablab-sud31.fr\/wp-content\/uploads\/2026\/02\/artillery_sidewinder-x1-1024x1024.jpg 1024w, https:\/\/www.fablab-sud31.fr\/wp-content\/uploads\/2026\/02\/artillery_sidewinder-x1-150x150.jpg 150w, https:\/\/www.fablab-sud31.fr\/wp-content\/uploads\/2026\/02\/artillery_sidewinder-x1-768x768.jpg 768w, https:\/\/www.fablab-sud31.fr\/wp-content\/uploads\/2026\/02\/artillery_sidewinder-x1-100x100.jpg 100w\" sizes=\"auto, (max-width: 150px) 100vw, 150px\" \/><\/td><td>Artillery Sidewinder X1<\/td><td>0,02 \u20ac \/ g de filament<\/td><td>0,10 \u20ac \/ g de filament<\/td><\/tr><tr><td><figure><a href=\"https:\/\/www.fablab-sud31.fr\/wp-content\/uploads\/2017\/10\/ultimaker_2p.jpg\"><img loading=\"lazy\" decoding=\"async\" class=\"wp-image-838 size-medium alignnone\" src=\"https:\/\/www.fablab-sud31.fr\/wp-content\/uploads\/2017\/10\/ultimaker_2p-300x225.jpg\" alt=\"Ultimaker 2+\" width=\"300\" height=\"225\" srcset=\"https:\/\/www.fablab-sud31.fr\/wp-content\/uploads\/2017\/10\/ultimaker_2p-300x225.jpg 300w, https:\/\/www.fablab-sud31.fr\/wp-content\/uploads\/2017\/10\/ultimaker_2p-768x576.jpg 768w, https:\/\/www.fablab-sud31.fr\/wp-content\/uploads\/2017\/10\/ultimaker_2p-1024x768.jpg 1024w\" sizes=\"auto, (max-width: 300px) 100vw, 300px\" \/><\/a><\/figure><\/td><td>Imprimante 3D Ultimaker 2+ ; <a href=\"https:\/\/wiki.fablab-sud31.fr\/index.php\/Equipements#Imprimante_3D_Ultimaker_2.2B\" target=\"_blank\" rel=\"noopener nofollow\" class=\"external external_icon\">Plus d&rsquo;infos<\/a><\/td><td>0,02 \u20ac \/ g de filament<\/td><td>0,10 \u20ac \/ g de filament <\/td><\/tr><tr><td>&nbsp;<figure><a href=\"https:\/\/www.fablab-sud31.fr\/wp-content\/uploads\/2017\/07\/stylo3d.jpg\"><img loading=\"lazy\" decoding=\"async\" class=\"alignnone wp-image-244 size-medium\" src=\"https:\/\/www.fablab-sud31.fr\/wp-content\/uploads\/2017\/07\/stylo3d-300x199.jpg\" alt=\"\" width=\"300\" height=\"199\" srcset=\"https:\/\/www.fablab-sud31.fr\/wp-content\/uploads\/2017\/07\/stylo3d-300x199.jpg 300w, https:\/\/www.fablab-sud31.fr\/wp-content\/uploads\/2017\/07\/stylo3d-768x511.jpg 768w, https:\/\/www.fablab-sud31.fr\/wp-content\/uploads\/2017\/07\/stylo3d-1024x681.jpg 1024w\" sizes=\"auto, (max-width: 300px) 100vw, 300px\" \/><\/a><\/figure><\/td><td>Stylo 3D (mod\u00e8le <a href=\"http:\/\/www.lestylo3d.com\/\" class=\"external external_icon\" rel=\"nofollow\" target=\"_blank\">leStylo3D<\/a>)<a href=\"https:\/\/wiki.fablab-sud31.fr\/index.php\/Equipements#Stylo_3D_leStylo3D\" target=\"_blank\" rel=\"noopener nofollow\" class=\"external external_icon\">Plus d&rsquo;infos<\/a><\/td><td>1 \u20ac \/ heure<\/td><td>4 \u20ac \/ heure <\/td><\/tr><tr><td><figure><a href=\"https:\/\/www.fablab-sud31.fr\/wp-content\/uploads\/2017\/07\/stylo3d_sunlu_sl300.jpg\"><img loading=\"lazy\" decoding=\"async\" class=\"alignnone wp-image-243 size-medium\" src=\"https:\/\/www.fablab-sud31.fr\/wp-content\/uploads\/2017\/07\/stylo3d_sunlu_sl300-300x225.jpg\" alt=\"\" width=\"300\" height=\"225\" srcset=\"https:\/\/www.fablab-sud31.fr\/wp-content\/uploads\/2017\/07\/stylo3d_sunlu_sl300-300x225.jpg 300w, https:\/\/www.fablab-sud31.fr\/wp-content\/uploads\/2017\/07\/stylo3d_sunlu_sl300-768x576.jpg 768w, https:\/\/www.fablab-sud31.fr\/wp-content\/uploads\/2017\/07\/stylo3d_sunlu_sl300-1024x768.jpg 1024w\" sizes=\"auto, (max-width: 300px) 100vw, 300px\" \/><\/a><\/figure><\/td><td>Stylo 3D (mod\u00e8le Sunlu SL-300)<a href=\"https:\/\/wiki.fablab-sud31.fr\/index.php\/Equipements#Stylo_3D_Sunlu_SL-300\" target=\"_blank\" rel=\"noopener nofollow\" class=\"external external_icon\">Plus d&rsquo;infos<\/a><\/td><td>1 \u20ac \/ heure <\/td><td>4 \u20ac \/ heure<ul> <\/ul><\/td><\/tr><tr><td><figure><a href=\"https:\/\/www.fablab-sud31.fr\/wp-content\/uploads\/2017\/12\/IMG_2034-e1513890184543.jpg\"><img loading=\"lazy\" decoding=\"async\" class=\"aligncenter wp-image-915 size-medium\" src=\"https:\/\/www.fablab-sud31.fr\/wp-content\/uploads\/2017\/12\/IMG_2034-e1513890184543-300x225.jpg\" alt=\"D\u00e9coupeuse laser KH-750\" width=\"300\" height=\"225\" srcset=\"https:\/\/www.fablab-sud31.fr\/wp-content\/uploads\/2017\/12\/IMG_2034-e1513890184543-300x225.jpg 300w, https:\/\/www.fablab-sud31.fr\/wp-content\/uploads\/2017\/12\/IMG_2034-e1513890184543-768x576.jpg 768w, https:\/\/www.fablab-sud31.fr\/wp-content\/uploads\/2017\/12\/IMG_2034-e1513890184543-1024x768.jpg 1024w\" sizes=\"auto, (max-width: 300px) 100vw, 300px\" \/><\/a><\/figure><\/td><td>D\u00e9coupeuse \/ graveuse laser KH-750 100W<a href=\"https:\/\/wiki.fablab-sud31.fr\/index.php\/Equipements#D.C3.A9coupeuse_.2F_graveuse_laser_KH-750\" target=\"_blank\" rel=\"noopener nofollow\" class=\"external external_icon\">Plus d&rsquo;infos<\/a><\/td><td>0,5 \u20ac \/ minute, consommable \u00e0 fournir <\/td><td>10 \u20ac \/ 10 minutes, consommable \u00e0 fournir <\/td><\/tr><tr><td><figure><a href=\"https:\/\/www.fablab-sud31.fr\/wp-content\/uploads\/2017\/07\/fraiseuse.jpg\"><img loading=\"lazy\" decoding=\"async\" class=\"alignnone wp-image-235 size-medium\" src=\"https:\/\/www.fablab-sud31.fr\/wp-content\/uploads\/2017\/07\/fraiseuse-300x225.jpg\" alt=\"\" width=\"300\" height=\"225\" srcset=\"https:\/\/www.fablab-sud31.fr\/wp-content\/uploads\/2017\/07\/fraiseuse-300x225.jpg 300w, https:\/\/www.fablab-sud31.fr\/wp-content\/uploads\/2017\/07\/fraiseuse-768x576.jpg 768w, https:\/\/www.fablab-sud31.fr\/wp-content\/uploads\/2017\/07\/fraiseuse-1024x768.jpg 1024w\" sizes=\"auto, (max-width: 300px) 100vw, 300px\" \/><\/a><\/figure><\/td><td>Fraiseuse num\u00e9rique<a href=\"https:\/\/wiki.fablab-sud31.fr\/index.php\/Equipements#Fraiseuse_num.C3.A9rique\" target=\"_blank\" rel=\"noopener nofollow\" class=\"external external_icon\">Plus d&rsquo;infos<\/a><\/td><td>1 \u20ac \/ heure, consommable \u00e0 fournir <br>10 \u20ac par fraise cass\u00e9e <\/td><td>10 \u20ac \/ heure, consommable \u00e0 fournir <br>10 \u20ac par fraise cass\u00e9e <\/td><\/tr><tr><td><figure><a href=\"https:\/\/www.fablab-sud31.fr\/wp-content\/uploads\/2017\/07\/hx_1360.jpg\"><img loading=\"lazy\" decoding=\"async\" class=\"alignnone wp-image-237 size-medium\" src=\"https:\/\/www.fablab-sud31.fr\/wp-content\/uploads\/2017\/07\/hx_1360-300x160.jpg\" alt=\"\" width=\"300\" height=\"160\" srcset=\"https:\/\/www.fablab-sud31.fr\/wp-content\/uploads\/2017\/07\/hx_1360-300x160.jpg 300w, https:\/\/www.fablab-sud31.fr\/wp-content\/uploads\/2017\/07\/hx_1360-768x409.jpg 768w, https:\/\/www.fablab-sud31.fr\/wp-content\/uploads\/2017\/07\/hx_1360-1024x545.jpg 1024w\" sizes=\"auto, (max-width: 300px) 100vw, 300px\" \/><\/a><\/figure><\/td><td>D\u00e9coupeuse vinyle<a href=\"https:\/\/wiki.fablab-sud31.fr\/index.php\/Equipements#D.C3.A9coupeuse_vinyle_Rabbit_HX-1360\" target=\"_blank\" rel=\"noopener nofollow\" class=\"external external_icon\">Plus d&rsquo;infos<\/a><\/td><td>1 \u20ac \/ heure, consommable \u00e0 fournir <\/td><td>10 \u20ac \/ heure, consommable \u00e0 fournir <\/td><\/tr><tr><td><figure><a href=\"https:\/\/www.fablab-sud31.fr\/wp-content\/uploads\/2017\/07\/brother_innovis_15.jpg\"><img loading=\"lazy\" decoding=\"async\" class=\"alignnone wp-image-233 size-medium\" src=\"https:\/\/www.fablab-sud31.fr\/wp-content\/uploads\/2017\/07\/brother_innovis_15-300x225.jpg\" alt=\"\" width=\"300\" height=\"225\" srcset=\"https:\/\/www.fablab-sud31.fr\/wp-content\/uploads\/2017\/07\/brother_innovis_15-300x225.jpg 300w, https:\/\/www.fablab-sud31.fr\/wp-content\/uploads\/2017\/07\/brother_innovis_15-768x576.jpg 768w, https:\/\/www.fablab-sud31.fr\/wp-content\/uploads\/2017\/07\/brother_innovis_15-1024x768.jpg 1024w\" sizes=\"auto, (max-width: 300px) 100vw, 300px\" \/><\/a><\/figure><\/td><td>Machine \u00e0 coudre Brother Innovis 15<a href=\"https:\/\/wiki.fablab-sud31.fr\/index.php\/Equipements#Machine_.C3.A0_coudre_.C3.A9lectronique_Brother_Innovis_15\" target=\"_blank\" rel=\"noopener nofollow\" class=\"external external_icon\">Plus d&rsquo;infos<\/a><\/td><td>1 \u20ac \/ heure, consommable \u00e0 fournir (du fil est pr\u00e9sent sur place) <\/td><td>10 \u20ac \/ heure, consommable \u00e0 fournir <\/td><\/tr><\/tbody><\/table><\/figure>\n\n\n\n<h1 class=\"wp-block-heading\">Conception \u00e9lectronique<\/h1>\n\n\n\n<figure class=\"wp-block-table table table-striped is-style-stripes\"><table class=\"has-fixed-layout\"><thead><tr><th>&nbsp;<\/th><th>Machine<\/th><th>D\u00e9tails<\/th><th>Tarif d&rsquo;utilisation <sup>*<\/sup><br>(membre)<\/th><th>Tarif d&rsquo;utilisation <sup>*<\/sup><br>(non membre)<\/th><\/tr><\/thead><tbody><tr><td><figure><a href=\"https:\/\/www.fablab-sud31.fr\/wp-content\/uploads\/2017\/07\/coin_soudure.jpg\"><img loading=\"lazy\" decoding=\"async\" class=\"alignnone wp-image-234 size-medium\" src=\"https:\/\/www.fablab-sud31.fr\/wp-content\/uploads\/2017\/07\/coin_soudure-300x199.jpg\" alt=\"\" width=\"300\" height=\"199\" srcset=\"https:\/\/www.fablab-sud31.fr\/wp-content\/uploads\/2017\/07\/coin_soudure-300x199.jpg 300w, https:\/\/www.fablab-sud31.fr\/wp-content\/uploads\/2017\/07\/coin_soudure-768x511.jpg 768w, https:\/\/www.fablab-sud31.fr\/wp-content\/uploads\/2017\/07\/coin_soudure-1024x681.jpg 1024w\" sizes=\"auto, (max-width: 300px) 100vw, 300px\" \/><\/a><\/figure><figure><a href=\"https:\/\/www.fablab-sud31.fr\/wp-content\/uploads\/2017\/07\/antex_760rwk.jpg\"><img loading=\"lazy\" decoding=\"async\" class=\"alignnone wp-image-231 size-medium\" src=\"https:\/\/www.fablab-sud31.fr\/wp-content\/uploads\/2017\/07\/antex_760rwk-300x225.jpg\" alt=\"\" width=\"300\" height=\"225\" srcset=\"https:\/\/www.fablab-sud31.fr\/wp-content\/uploads\/2017\/07\/antex_760rwk-300x225.jpg 300w, https:\/\/www.fablab-sud31.fr\/wp-content\/uploads\/2017\/07\/antex_760rwk-768x576.jpg 768w, https:\/\/www.fablab-sud31.fr\/wp-content\/uploads\/2017\/07\/antex_760rwk-1024x768.jpg 1024w\" sizes=\"auto, (max-width: 300px) 100vw, 300px\" \/><\/a><\/figure><\/td><td>Coin soudure \u00e9lectronique<a href=\"https:\/\/wiki.fablab-sud31.fr\/index.php\/Equipements#Coin_soudure_.C3.A9lectronique\" target=\"_blank\" rel=\"noopener nofollow\" class=\"external external_icon\">Plus d&rsquo;infos<\/a><\/td><td>Fer \u00e0 souder 30W (pour soudure plomb)<br><br>Fer \u00e0 souder 30W (pour soudure sans plomb)<br><br>Station de soudure Antex 760RWK (air chaud + fer classique)<br><br>3<sup>\u00e8me<\/sup> main<br>Lampe loupe<\/td><td>gratuit<\/td><td>5 \u20ac \/ heure<\/td><\/tr><tr><td><figure><a href=\"https:\/\/www.fablab-sud31.fr\/wp-content\/uploads\/2017\/07\/sodilec_sdl_g3r_60_15.jpg\"><img loading=\"lazy\" decoding=\"async\" class=\"alignnone size-medium wp-image-242\" src=\"https:\/\/www.fablab-sud31.fr\/wp-content\/uploads\/2017\/07\/sodilec_sdl_g3r_60_15-300x199.jpg\" alt=\"\" width=\"300\" height=\"199\" srcset=\"https:\/\/www.fablab-sud31.fr\/wp-content\/uploads\/2017\/07\/sodilec_sdl_g3r_60_15-300x199.jpg 300w, https:\/\/www.fablab-sud31.fr\/wp-content\/uploads\/2017\/07\/sodilec_sdl_g3r_60_15-768x511.jpg 768w, https:\/\/www.fablab-sud31.fr\/wp-content\/uploads\/2017\/07\/sodilec_sdl_g3r_60_15-1024x681.jpg 1024w\" sizes=\"auto, (max-width: 300px) 100vw, 300px\" \/><\/a><\/figure><\/td><td>Sodilec SDL G3R 60.15<a href=\"https:\/\/wiki.fablab-sud31.fr\/index.php\/Equipements#Alimentation_continue_stabilis.C3.A9e_Sodilec_SDL_G3R_60.15\" target=\"_blank\" rel=\"noopener nofollow\" class=\"external external_icon\">Plus d&rsquo;infos<\/a><\/td><td>Alimentation continue stabilis\u00e9e.<br><br><strong>Plage de tension : <\/strong>0V \u00e0 60V<br><strong>Intensit\u00e9 max : <\/strong>15A<\/td><td>gratuit<\/td><td>5 \u20ac \/ heure<\/td><\/tr><tr><td><figure><a href=\"https:\/\/www.fablab-sud31.fr\/wp-content\/uploads\/2017\/07\/maxcom_mx9000.jpg\"><img loading=\"lazy\" decoding=\"async\" class=\"alignnone size-medium wp-image-238\" src=\"https:\/\/www.fablab-sud31.fr\/wp-content\/uploads\/2017\/07\/maxcom_mx9000-300x199.jpg\" alt=\"\" width=\"300\" height=\"199\" srcset=\"https:\/\/www.fablab-sud31.fr\/wp-content\/uploads\/2017\/07\/maxcom_mx9000-300x199.jpg 300w, https:\/\/www.fablab-sud31.fr\/wp-content\/uploads\/2017\/07\/maxcom_mx9000-768x511.jpg 768w, https:\/\/www.fablab-sud31.fr\/wp-content\/uploads\/2017\/07\/maxcom_mx9000-1024x681.jpg 1024w\" sizes=\"auto, (max-width: 300px) 100vw, 300px\" \/><\/a><\/figure><\/td><td>Maxcom MX-9000<a href=\"https:\/\/wiki.fablab-sud31.fr\/index.php\/Equipements#Outillage_multifonctions_num.C3.A9rique_Maxcom_MX-9000\" target=\"_blank\" rel=\"noopener nofollow\" class=\"external external_icon\">Plus d&rsquo;infos<\/a><\/td><td>Outillage multifonctions num\u00e9rique<br><br><strong>Alimentation continue stabilis\u00e9e : <\/strong>5V\/2A, 15V\/1A et 0-50V\/0,5A<br><br><strong>Multim\u00e8tre : <\/strong>voltm\u00e8tre, amp\u00e8rem\u00e8tre, ohmm\u00e8tre<br><br><strong>Fr\u00e9quencem\u00e8tre : <\/strong>0-1000MHz<br><br><strong>G\u00e9n\u00e9rateur de fr\u00e9quences : <\/strong>carr\u00e9e, sinuso\u00efdale, triangulaire; de 0,1Hz \u00e0 20MHz<\/td><td>gratuit<\/td><td>5 \u20ac \/ heure<\/td><\/tr><tr><td><figure><a href=\"https:\/\/www.fablab-sud31.fr\/wp-content\/uploads\/2017\/07\/sds5032e_v.jpg\"><img loading=\"lazy\" decoding=\"async\" class=\"alignnone size-medium wp-image-241\" src=\"https:\/\/www.fablab-sud31.fr\/wp-content\/uploads\/2017\/07\/sds5032e_v-300x225.jpg\" alt=\"\" width=\"300\" height=\"225\" srcset=\"https:\/\/www.fablab-sud31.fr\/wp-content\/uploads\/2017\/07\/sds5032e_v-300x225.jpg 300w, https:\/\/www.fablab-sud31.fr\/wp-content\/uploads\/2017\/07\/sds5032e_v-768x576.jpg 768w, https:\/\/www.fablab-sud31.fr\/wp-content\/uploads\/2017\/07\/sds5032e_v-1024x768.jpg 1024w\" sizes=\"auto, (max-width: 300px) 100vw, 300px\" \/><\/a><\/figure><\/td><td>Owon SDS5032E-V<a href=\"https:\/\/wiki.fablab-sud31.fr\/index.php\/Equipements#Oscilloscope_num.C3.A9rique_Owon_SDS5032E-V\" target=\"_blank\" rel=\"noopener nofollow\" class=\"external external_icon\">Plus d&rsquo;infos<\/a><\/td><td>Oscilloscope num\u00e9rique<br><br><strong>Bande passante : <\/strong>30MHz<br><br><strong>\u00c9chantillonnage : <\/strong>250MS\/s (1 canal) \/ 125MS\/s (2 canaux)<br><br><strong>Canaux : <\/strong>2+1<br><strong>Affichage : <\/strong>8 pouces, 800&#215;600 pixels, 65535 couleurs<br><strong>Divers : <\/strong>USB, VGA, LAN<\/td><td>gratuit<\/td><td>5 \u20ac \/ heure<\/td><\/tr><tr><td><figure><a href=\"https:\/\/www.fablab-sud31.fr\/wp-content\/uploads\/2017\/07\/gfg_8017g.jpg\"><img loading=\"lazy\" decoding=\"async\" class=\"alignnone size-medium wp-image-236\" src=\"https:\/\/www.fablab-sud31.fr\/wp-content\/uploads\/2017\/07\/gfg_8017g-300x225.jpg\" alt=\"\" width=\"300\" height=\"225\" srcset=\"https:\/\/www.fablab-sud31.fr\/wp-content\/uploads\/2017\/07\/gfg_8017g-300x225.jpg 300w, https:\/\/www.fablab-sud31.fr\/wp-content\/uploads\/2017\/07\/gfg_8017g-768x576.jpg 768w, https:\/\/www.fablab-sud31.fr\/wp-content\/uploads\/2017\/07\/gfg_8017g-1024x768.jpg 1024w\" sizes=\"auto, (max-width: 300px) 100vw, 300px\" \/><\/a><\/figure><\/td><td>GW GFG-8017G<a href=\"https:\/\/wiki.fablab-sud31.fr\/index.php?title=Equipements#G.C3.A9n.C3.A9rateur_de_fonction_GW_GFG-8017G\" target=\"_blank\" rel=\"noopener nofollow\" class=\"external external_icon\">Plus d&rsquo;infos<\/a><\/td><td>G\u00e9n\u00e9rateur de fonction<br><br><strong>Fr\u00e9quence : <\/strong>0,02Hz \u00e0 2 MHz<br><br><strong>Formes d&rsquo;ondes : <\/strong>carr\u00e9e, triangulaire, sinuso\u00efdale, impulsions TTL<br><br><strong>Canaux : <\/strong>1<br><strong>Divers : <\/strong>Fonction balayage, entr\u00e9e VCF<\/td><td>gratuit<\/td><td>5 \u20ac \/ heure<\/td><\/tr><\/tbody><\/table><\/figure>\n\n\n\n<p><strong>*<\/strong> Le tarif d&rsquo;utilisation permet de couvrir l&rsquo;usure de la machine, et le cas \u00e9ch\u00e9ant la consommation de mat\u00e9riaux. Pour les filaments des imprimantes 3D, le prix sera r\u00e9vis\u00e9 en fonction des approvisionnements.<\/p>\n\n\n\n<p><strong>**<\/strong> Pour les non-membres, compter le temps de formation n\u00e9cessaire \u00e0 l&rsquo;usage de la machine.<\/p>\n\n\n\n<p>Bien entendu, la liste est amen\u00e9e \u00e0 \u00e9voluer au fil du temps, en fonction des financements et des dons (qui sont tous les deux les bienvenus)<\/p>\n","protected":false},"excerpt":{"rendered":"<p>Conception physique Plus de d\u00e9tails sur les \u00e9quipements ainsi que leurs manuels sont disponible sur la page d\u00e9di\u00e9e du wiki \u200b &nbsp; Machine Tarif d&rsquo;utilisation *(membre) Tarif d&rsquo;utilisation *(non membre**) &hellip; <\/p>\n<p class=\"link-more\"><a href=\"https:\/\/www.fablab-sud31.fr\/index.php\/lequipement\" class=\"more-link\">Continuer la lecture<span class=\"screen-reader-text\"> de &laquo;&nbsp;L&rsquo;\u00e9quipement&nbsp;&raquo;<\/span><\/a><\/p>\n","protected":false},"author":1,"featured_media":0,"parent":0,"menu_order":0,"comment_status":"closed","ping_status":"closed","template":"","meta":{"footnotes":""},"class_list":["post-229","page","type-page","status-publish","hentry"],"_links":{"self":[{"href":"https:\/\/www.fablab-sud31.fr\/index.php\/wp-json\/wp\/v2\/pages\/229","targetHints":{"allow":["GET"]}}],"collection":[{"href":"https:\/\/www.fablab-sud31.fr\/index.php\/wp-json\/wp\/v2\/pages"}],"about":[{"href":"https:\/\/www.fablab-sud31.fr\/index.php\/wp-json\/wp\/v2\/types\/page"}],"author":[{"embeddable":true,"href":"https:\/\/www.fablab-sud31.fr\/index.php\/wp-json\/wp\/v2\/users\/1"}],"replies":[{"embeddable":true,"href":"https:\/\/www.fablab-sud31.fr\/index.php\/wp-json\/wp\/v2\/comments?post=229"}],"version-history":[{"count":50,"href":"https:\/\/www.fablab-sud31.fr\/index.php\/wp-json\/wp\/v2\/pages\/229\/revisions"}],"predecessor-version":[{"id":1579,"href":"https:\/\/www.fablab-sud31.fr\/index.php\/wp-json\/wp\/v2\/pages\/229\/revisions\/1579"}],"wp:attachment":[{"href":"https:\/\/www.fablab-sud31.fr\/index.php\/wp-json\/wp\/v2\/media?parent=229"}],"curies":[{"name":"wp","href":"https:\/\/api.w.org\/{rel}","templated":true}]}}