{"id":222,"date":"2017-07-03T17:42:41","date_gmt":"2017-07-03T15:42:41","guid":{"rendered":"https:\/\/www.fablab-sud31.fr\/wordpress\/?page_id=222"},"modified":"2017-07-03T17:42:41","modified_gmt":"2017-07-03T15:42:41","slug":"charte","status":"publish","type":"page","link":"https:\/\/www.fablab-sud31.fr\/index.php\/charte","title":{"rendered":"Charte"},"content":{"rendered":"<div class=\"post-content\">\n<p><strong>Mission<\/strong>\u00a0: les fab labs sont un r\u00e9seau mondial de laboratoires locaux, qui rendent possible l&rsquo;invention en ouvrant aux individus l&rsquo;acc\u00e8s \u00e0 des outils de fabrication num\u00e9rique.<\/p>\n<p><strong>Acc\u00e8s<\/strong>\u00a0: vous pouvez utiliser le fab lab pour fabriquer \u00e0 peu pr\u00e8s n&rsquo;importe quoi (d\u00e8s lors que cela ne nuit \u00e0 personne)\u00a0; vous devez apprendre \u00e0 le fabriquer vous-m\u00eame, et vous devez partager l&rsquo;usage du lab avec d&rsquo;autres usages et utilisateurs.<\/p>\n<p><strong>Education<\/strong>\u00a0: la formation dans le fab lab s&rsquo;appuie sur des projets et l&rsquo;apprentissage par les pairs\u00a0; vous devez prendre part \u00e0 la capitalisation des connaissances et \u00e0 l&rsquo;instruction des autres utilisateurs.<\/p>\n<p><strong>Responsabilit\u00e9<\/strong>\u00a0: vous \u00eates responsable de\u00a0:<\/p>\n<ul>\n<li>La s\u00e9curit\u00e9\u00a0: Savoir travailler sans abimer les machines et sans mettre en danger les autres utilisateurs\u00a0;<\/li>\n<li>La propret\u00e9\u00a0: Laisser le lab plus propre que vous ne l&rsquo;avez trouv\u00e9\u00a0;<\/li>\n<li>La continuit\u00e9\u00a0: Assurer la maintenance, les r\u00e9parations, la quantit\u00e9 de stock des mat\u00e9riaux, et reporter les incidents\u00a0;<\/li>\n<\/ul>\n<p><strong>Secret<\/strong>\u00a0: les concepts et les processus d\u00e9velopp\u00e9s dans les fab labs doivent demeurer utilisables \u00e0 titre individuel. En revanche, vous pouvez les prot\u00e9ger de la mani\u00e8re que vous choisirez.<\/p>\n<p><strong>Business<\/strong>\u00a0: des activit\u00e9s commerciales peuvent \u00eatre incub\u00e9es dans les fab labs, mais elles ne doivent pas faire obstacle \u00e0 l&rsquo;acc\u00e8s ouvert. Elles doivent se d\u00e9velopper au-del\u00e0 du lab plut\u00f4t qu&rsquo;en son sein et de b\u00e9n\u00e9ficier \u00e0 leur tour aux inventeurs, aux labs et aux r\u00e9seaux qui ont contribu\u00e9 \u00e0 leur succ\u00e8s.<\/p>\n<p>La charte originelle est disponible en anglais\u00a0: <a href=\"http:\/\/fab.cba.mit.edu\/about\/charter\/\" hreflang=\"en\" class=\"external external_icon\" rel=\"nofollow\" target=\"_blank\">http:\/\/fab.cba.mit.edu\/about\/charter\/<\/a>.<\/p>\n<\/div>\n","protected":false},"excerpt":{"rendered":"<p>Mission\u00a0: les fab labs sont un r\u00e9seau mondial de laboratoires locaux, qui rendent possible l&rsquo;invention en ouvrant aux individus l&rsquo;acc\u00e8s \u00e0 des outils de fabrication num\u00e9rique. Acc\u00e8s\u00a0: vous pouvez utiliser &hellip; <\/p>\n<p class=\"link-more\"><a href=\"https:\/\/www.fablab-sud31.fr\/index.php\/charte\" class=\"more-link\">Continuer la lecture<span class=\"screen-reader-text\"> de &laquo;&nbsp;Charte&nbsp;&raquo;<\/span><\/a><\/p>\n","protected":false},"author":1,"featured_media":0,"parent":0,"menu_order":0,"comment_status":"closed","ping_status":"closed","template":"","meta":{"footnotes":""},"class_list":["post-222","page","type-page","status-publish","hentry"],"_links":{"self":[{"href":"https:\/\/www.fablab-sud31.fr\/index.php\/wp-json\/wp\/v2\/pages\/222","targetHints":{"allow":["GET"]}}],"collection":[{"href":"https:\/\/www.fablab-sud31.fr\/index.php\/wp-json\/wp\/v2\/pages"}],"about":[{"href":"https:\/\/www.fablab-sud31.fr\/index.php\/wp-json\/wp\/v2\/types\/page"}],"author":[{"embeddable":true,"href":"https:\/\/www.fablab-sud31.fr\/index.php\/wp-json\/wp\/v2\/users\/1"}],"replies":[{"embeddable":true,"href":"https:\/\/www.fablab-sud31.fr\/index.php\/wp-json\/wp\/v2\/comments?post=222"}],"version-history":[{"count":1,"href":"https:\/\/www.fablab-sud31.fr\/index.php\/wp-json\/wp\/v2\/pages\/222\/revisions"}],"predecessor-version":[{"id":223,"href":"https:\/\/www.fablab-sud31.fr\/index.php\/wp-json\/wp\/v2\/pages\/222\/revisions\/223"}],"wp:attachment":[{"href":"https:\/\/www.fablab-sud31.fr\/index.php\/wp-json\/wp\/v2\/media?parent=222"}],"curies":[{"name":"wp","href":"https:\/\/api.w.org\/{rel}","templated":true}]}}