{"id":179,"date":"2017-07-03T17:18:13","date_gmt":"2017-07-03T15:18:13","guid":{"rendered":"https:\/\/www.fablab-sud31.fr\/wordpress\/?page_id=179"},"modified":"2022-01-10T12:07:38","modified_gmt":"2022-01-10T11:07:38","slug":"ou-quand","status":"publish","type":"page","link":"https:\/\/www.fablab-sud31.fr\/index.php\/ou-quand","title":{"rendered":"O\u00f9 ? Quand ?"},"content":{"rendered":"<h1>C&rsquo;est o\u00f9 ?<\/h1>\n<p>Le Fab Lab est h\u00e9berg\u00e9 dans un local donnant acc\u00e8s \u00e0 une petite cours derri\u00e8re la mairie de Cintegabelle (ou la biblioth\u00e8que, selon votre point de vue). Sur la carte ci-dessous, l&rsquo;entr\u00e9e est au niveau du marqueur.<\/p>\n<p>Son adresse est : 10 rue de la R\u00e9publique, 31550 Cintegabelle.<\/p>\n<p><iframe loading=\"lazy\" src=\"https:\/\/www.openstreetmap.org\/export\/embed.html?bbox=1.5303799510002136%2C43.31324863923714%2C1.5335717797279358%2C43.31465573609708&amp;layer=mapnik&amp;marker=43.313952191739595%2C1.5319758653640747\" width=\"600\" height=\"450\" frameborder=\"0\" marginwidth=\"0\" marginheight=\"0\" scrolling=\"no\" data-mce-fragment=\"1\"><\/iframe><\/p>\n<p><a href=\"https:\/\/www.fablab-sud31.fr\/wp-content\/uploads\/2017\/07\/plan.png\"><img loading=\"lazy\" decoding=\"async\" class=\"alignnone wp-image-181 size-large\" src=\"https:\/\/www.fablab-sud31.fr\/wp-content\/uploads\/2017\/07\/plan-1024x627.png\" alt=\"\" width=\"525\" height=\"321\" srcset=\"https:\/\/www.fablab-sud31.fr\/wp-content\/uploads\/2017\/07\/plan-1024x627.png 1024w, https:\/\/www.fablab-sud31.fr\/wp-content\/uploads\/2017\/07\/plan-300x184.png 300w, https:\/\/www.fablab-sud31.fr\/wp-content\/uploads\/2017\/07\/plan-768x470.png 768w, https:\/\/www.fablab-sud31.fr\/wp-content\/uploads\/2017\/07\/plan.png 1558w\" sizes=\"auto, (max-width: 525px) 100vw, 525px\" \/><\/a><\/p>\n<h1>C&rsquo;est quand ?<\/h1>\n<p>Les horaires d&rsquo;ouvertures pr\u00e9vus sont les suivants :<\/p>\n<ul>\n<li>le samedi, de 14h00 \u00e0 17h00<\/li>\n<\/ul>\n","protected":false},"excerpt":{"rendered":"<p>C&rsquo;est o\u00f9 ? Le Fab Lab est h\u00e9berg\u00e9 dans un local donnant acc\u00e8s \u00e0 une petite cours derri\u00e8re la mairie de Cintegabelle (ou la biblioth\u00e8que, selon votre point de vue). &hellip; <\/p>\n<p class=\"link-more\"><a href=\"https:\/\/www.fablab-sud31.fr\/index.php\/ou-quand\" class=\"more-link\">Continuer la lecture<span class=\"screen-reader-text\"> de &laquo;&nbsp;O\u00f9 ? Quand ?&nbsp;&raquo;<\/span><\/a><\/p>\n","protected":false},"author":1,"featured_media":0,"parent":0,"menu_order":0,"comment_status":"closed","ping_status":"closed","template":"","meta":{"footnotes":""},"class_list":["post-179","page","type-page","status-publish","hentry"],"_links":{"self":[{"href":"https:\/\/www.fablab-sud31.fr\/index.php\/wp-json\/wp\/v2\/pages\/179","targetHints":{"allow":["GET"]}}],"collection":[{"href":"https:\/\/www.fablab-sud31.fr\/index.php\/wp-json\/wp\/v2\/pages"}],"about":[{"href":"https:\/\/www.fablab-sud31.fr\/index.php\/wp-json\/wp\/v2\/types\/page"}],"author":[{"embeddable":true,"href":"https:\/\/www.fablab-sud31.fr\/index.php\/wp-json\/wp\/v2\/users\/1"}],"replies":[{"embeddable":true,"href":"https:\/\/www.fablab-sud31.fr\/index.php\/wp-json\/wp\/v2\/comments?post=179"}],"version-history":[{"count":6,"href":"https:\/\/www.fablab-sud31.fr\/index.php\/wp-json\/wp\/v2\/pages\/179\/revisions"}],"predecessor-version":[{"id":1433,"href":"https:\/\/www.fablab-sud31.fr\/index.php\/wp-json\/wp\/v2\/pages\/179\/revisions\/1433"}],"wp:attachment":[{"href":"https:\/\/www.fablab-sud31.fr\/index.php\/wp-json\/wp\/v2\/media?parent=179"}],"curies":[{"name":"wp","href":"https:\/\/api.w.org\/{rel}","templated":true}]}}