{"id":1156,"date":"2018-10-28T21:51:09","date_gmt":"2018-10-28T20:51:09","guid":{"rendered":"https:\/\/www.fablab-sud31.fr\/?page_id=1156"},"modified":"2021-08-01T10:46:53","modified_gmt":"2021-08-01T08:46:53","slug":"feuilles-pour-chignon","status":"publish","type":"page","link":"https:\/\/www.fablab-sud31.fr\/index.php\/feuilles-pour-chignon","title":{"rendered":"Feuilles pour chignon"},"content":{"rendered":"<h1><em>Par Francis Micheli<\/em><\/h1>\n<h4>C&rsquo;est quoi ?<\/h4>\n<p>J&rsquo;ai pu aider une amie pour un concours (Les victoires de la coiffure) qui a eu lieu mi-octobre 2018. Il s&rsquo;agit de Vanessa Taupiac, le salon de coiffure \u00ab Magic Style \u00bb dans la grande rue, \u00e0 Saverdun.<\/p>\n<p>\u00c0 partir de ses id\u00e9es on a trouv\u00e9 un mod\u00e8le de feuille en \u00ab Creative Commons &#8211; Attribution \u00bb .<\/p>\n<p>Ensuite on les a d\u00e9coup\u00e9es au laser dans 2 mat\u00e9riaux, un plastique translucide un peu \u00e9pais et des feuilles transparentes. Il a fallu modifier un peu l&rsquo;\u00e9paisseur des traits pour accommoder la puissance du laser sur le mat\u00e9riau translucide (sans doute du poly\u00e9thyl\u00e8ne).<\/p>\n<p>Vanessa est une sp\u00e9cialiste des chignons. Voici le r\u00e9sultat sur les mod\u00e8les.<\/p>\n<p>L&rsquo;\u00e9quipe au complet :<\/p>\n<ul>\n<li>Cr\u00e9atrice des bikinis &amp; accessoires : Rachel Dembelle<\/li>\n<li>Cr\u00e9atrice des robes et des corsets : Marie Jeanne Beaujouan<\/li>\n<li>Mod\u00e8les : L\u00e9a Richarde &amp; Laurie Protee Laviolette<\/li>\n<li>Mua (Make Up Artist) : C\u00e9line Varin<\/li>\n<li>Photo : Sitcom Toulouses &amp; Aquanat Sitcom Toulouse<\/li>\n<li>D\u00e9coupe : FabLab-Sud31 Val d&rsquo;Ari\u00e8ge<\/li>\n<li>Et bien s\u00fbr, coiffure : Vanessa Taupiac<\/li>\n<\/ul>\n<h4>Outillage utilis\u00e9<\/h4>\n<ul>\n<li>D\u00e9coupeuse laser KH-750<\/li>\n<\/ul>\n<h4>Photos<\/h4>\n<div id='gallery-1' class='gallery galleryid-1156 gallery-columns-4 gallery-size-medium'><figure class='gallery-item'>\n\t\t\t<div class='gallery-icon landscape'>\n\t\t\t\t<a href='https:\/\/www.fablab-sud31.fr\/wp-content\/uploads\/2018\/10\/01_feuilles.jpg'><img loading=\"lazy\" decoding=\"async\" width=\"300\" height=\"225\" src=\"https:\/\/www.fablab-sud31.fr\/wp-content\/uploads\/2018\/10\/01_feuilles-300x225.jpg\" class=\"attachment-medium size-medium\" alt=\"Divers essais\" aria-describedby=\"gallery-1-1157\" srcset=\"https:\/\/www.fablab-sud31.fr\/wp-content\/uploads\/2018\/10\/01_feuilles-300x225.jpg 300w, https:\/\/www.fablab-sud31.fr\/wp-content\/uploads\/2018\/10\/01_feuilles-768x576.jpg 768w, https:\/\/www.fablab-sud31.fr\/wp-content\/uploads\/2018\/10\/01_feuilles-1024x768.jpg 1024w\" sizes=\"auto, 100vw\" \/><\/a>\n\t\t\t<\/div>\n\t\t\t\t<figcaption class='wp-caption-text gallery-caption' id='gallery-1-1157'>\n\t\t\t\tDivers essais\n\t\t\t\t<\/figcaption><\/figure><figure class='gallery-item'>\n\t\t\t<div class='gallery-icon portrait'>\n\t\t\t\t<a href='https:\/\/www.fablab-sud31.fr\/wp-content\/uploads\/2018\/10\/02_feuilles_lea_richarde.jpg'><img loading=\"lazy\" decoding=\"async\" width=\"169\" height=\"300\" src=\"https:\/\/www.fablab-sud31.fr\/wp-content\/uploads\/2018\/10\/02_feuilles_lea_richarde-169x300.jpg\" class=\"attachment-medium size-medium\" alt=\"L\u00e9a Richarde\" aria-describedby=\"gallery-1-1158\" srcset=\"https:\/\/www.fablab-sud31.fr\/wp-content\/uploads\/2018\/10\/02_feuilles_lea_richarde-169x300.jpg 169w, https:\/\/www.fablab-sud31.fr\/wp-content\/uploads\/2018\/10\/02_feuilles_lea_richarde-768x1361.jpg 768w, https:\/\/www.fablab-sud31.fr\/wp-content\/uploads\/2018\/10\/02_feuilles_lea_richarde-578x1024.jpg 578w, https:\/\/www.fablab-sud31.fr\/wp-content\/uploads\/2018\/10\/02_feuilles_lea_richarde.jpg 1080w\" sizes=\"auto, 100vw\" \/><\/a>\n\t\t\t<\/div>\n\t\t\t\t<figcaption class='wp-caption-text gallery-caption' id='gallery-1-1158'>\n\t\t\t\tL\u00e9a Richarde\n\t\t\t\t<\/figcaption><\/figure><figure class='gallery-item'>\n\t\t\t<div class='gallery-icon portrait'>\n\t\t\t\t<a href='https:\/\/www.fablab-sud31.fr\/wp-content\/uploads\/2018\/10\/03_feuilles_lea_richarde.jpg'><img loading=\"lazy\" decoding=\"async\" width=\"169\" height=\"300\" src=\"https:\/\/www.fablab-sud31.fr\/wp-content\/uploads\/2018\/10\/03_feuilles_lea_richarde-169x300.jpg\" class=\"attachment-medium size-medium\" alt=\"L\u00e9a Richarde\" aria-describedby=\"gallery-1-1159\" srcset=\"https:\/\/www.fablab-sud31.fr\/wp-content\/uploads\/2018\/10\/03_feuilles_lea_richarde-169x300.jpg 169w, https:\/\/www.fablab-sud31.fr\/wp-content\/uploads\/2018\/10\/03_feuilles_lea_richarde-768x1361.jpg 768w, https:\/\/www.fablab-sud31.fr\/wp-content\/uploads\/2018\/10\/03_feuilles_lea_richarde-578x1024.jpg 578w, https:\/\/www.fablab-sud31.fr\/wp-content\/uploads\/2018\/10\/03_feuilles_lea_richarde.jpg 1080w\" sizes=\"auto, 100vw\" \/><\/a>\n\t\t\t<\/div>\n\t\t\t\t<figcaption class='wp-caption-text gallery-caption' id='gallery-1-1159'>\n\t\t\t\tL\u00e9a Richarde\n\t\t\t\t<\/figcaption><\/figure><figure class='gallery-item'>\n\t\t\t<div class='gallery-icon portrait'>\n\t\t\t\t<a href='https:\/\/www.fablab-sud31.fr\/wp-content\/uploads\/2018\/10\/04_feuilles_lea_richarde.jpg'><img loading=\"lazy\" decoding=\"async\" width=\"169\" height=\"300\" src=\"https:\/\/www.fablab-sud31.fr\/wp-content\/uploads\/2018\/10\/04_feuilles_lea_richarde-169x300.jpg\" class=\"attachment-medium size-medium\" alt=\"L\u00e9a Richarde\" aria-describedby=\"gallery-1-1160\" srcset=\"https:\/\/www.fablab-sud31.fr\/wp-content\/uploads\/2018\/10\/04_feuilles_lea_richarde-169x300.jpg 169w, https:\/\/www.fablab-sud31.fr\/wp-content\/uploads\/2018\/10\/04_feuilles_lea_richarde-768x1361.jpg 768w, https:\/\/www.fablab-sud31.fr\/wp-content\/uploads\/2018\/10\/04_feuilles_lea_richarde-578x1024.jpg 578w, https:\/\/www.fablab-sud31.fr\/wp-content\/uploads\/2018\/10\/04_feuilles_lea_richarde.jpg 1080w\" sizes=\"auto, 100vw\" \/><\/a>\n\t\t\t<\/div>\n\t\t\t\t<figcaption class='wp-caption-text gallery-caption' id='gallery-1-1160'>\n\t\t\t\tL\u00e9a Richarde\n\t\t\t\t<\/figcaption><\/figure><figure class='gallery-item'>\n\t\t\t<div class='gallery-icon portrait'>\n\t\t\t\t<a href='https:\/\/www.fablab-sud31.fr\/wp-content\/uploads\/2018\/10\/05_feuilles_laurie_protee_laviolette.jpg'><img loading=\"lazy\" decoding=\"async\" width=\"169\" height=\"300\" src=\"https:\/\/www.fablab-sud31.fr\/wp-content\/uploads\/2018\/10\/05_feuilles_laurie_protee_laviolette-169x300.jpg\" class=\"attachment-medium size-medium\" alt=\"Laurie Protee Laviolette\" aria-describedby=\"gallery-1-1161\" srcset=\"https:\/\/www.fablab-sud31.fr\/wp-content\/uploads\/2018\/10\/05_feuilles_laurie_protee_laviolette-169x300.jpg 169w, https:\/\/www.fablab-sud31.fr\/wp-content\/uploads\/2018\/10\/05_feuilles_laurie_protee_laviolette-768x1361.jpg 768w, https:\/\/www.fablab-sud31.fr\/wp-content\/uploads\/2018\/10\/05_feuilles_laurie_protee_laviolette-578x1024.jpg 578w, https:\/\/www.fablab-sud31.fr\/wp-content\/uploads\/2018\/10\/05_feuilles_laurie_protee_laviolette.jpg 1080w\" sizes=\"auto, 100vw\" \/><\/a>\n\t\t\t<\/div>\n\t\t\t\t<figcaption class='wp-caption-text gallery-caption' id='gallery-1-1161'>\n\t\t\t\tLaurie Protee Laviolette\n\t\t\t\t<\/figcaption><\/figure><figure class='gallery-item'>\n\t\t\t<div class='gallery-icon portrait'>\n\t\t\t\t<a href='https:\/\/www.fablab-sud31.fr\/wp-content\/uploads\/2018\/10\/06_feuilles_lea_richarde.jpg'><img loading=\"lazy\" decoding=\"async\" width=\"169\" height=\"300\" src=\"https:\/\/www.fablab-sud31.fr\/wp-content\/uploads\/2018\/10\/06_feuilles_lea_richarde-169x300.jpg\" class=\"attachment-medium size-medium\" alt=\"L\u00e9a Richarde\" aria-describedby=\"gallery-1-1162\" srcset=\"https:\/\/www.fablab-sud31.fr\/wp-content\/uploads\/2018\/10\/06_feuilles_lea_richarde-169x300.jpg 169w, https:\/\/www.fablab-sud31.fr\/wp-content\/uploads\/2018\/10\/06_feuilles_lea_richarde-768x1361.jpg 768w, https:\/\/www.fablab-sud31.fr\/wp-content\/uploads\/2018\/10\/06_feuilles_lea_richarde-578x1024.jpg 578w, https:\/\/www.fablab-sud31.fr\/wp-content\/uploads\/2018\/10\/06_feuilles_lea_richarde.jpg 1080w\" sizes=\"auto, 100vw\" \/><\/a>\n\t\t\t<\/div>\n\t\t\t\t<figcaption class='wp-caption-text gallery-caption' id='gallery-1-1162'>\n\t\t\t\tL\u00e9a Richarde\n\t\t\t\t<\/figcaption><\/figure><figure class='gallery-item'>\n\t\t\t<div class='gallery-icon portrait'>\n\t\t\t\t<a href='https:\/\/www.fablab-sud31.fr\/wp-content\/uploads\/2018\/10\/07_feuilles_lea_richarde.jpg'><img loading=\"lazy\" decoding=\"async\" width=\"169\" height=\"300\" src=\"https:\/\/www.fablab-sud31.fr\/wp-content\/uploads\/2018\/10\/07_feuilles_lea_richarde-169x300.jpg\" class=\"attachment-medium size-medium\" alt=\"L\u00e9a Richarde\" aria-describedby=\"gallery-1-1163\" srcset=\"https:\/\/www.fablab-sud31.fr\/wp-content\/uploads\/2018\/10\/07_feuilles_lea_richarde-169x300.jpg 169w, https:\/\/www.fablab-sud31.fr\/wp-content\/uploads\/2018\/10\/07_feuilles_lea_richarde-768x1361.jpg 768w, https:\/\/www.fablab-sud31.fr\/wp-content\/uploads\/2018\/10\/07_feuilles_lea_richarde-578x1024.jpg 578w, https:\/\/www.fablab-sud31.fr\/wp-content\/uploads\/2018\/10\/07_feuilles_lea_richarde.jpg 1080w\" sizes=\"auto, 100vw\" \/><\/a>\n\t\t\t<\/div>\n\t\t\t\t<figcaption class='wp-caption-text gallery-caption' id='gallery-1-1163'>\n\t\t\t\tL\u00e9a Richarde\n\t\t\t\t<\/figcaption><\/figure><figure class='gallery-item'>\n\t\t\t<div class='gallery-icon portrait'>\n\t\t\t\t<a href='https:\/\/www.fablab-sud31.fr\/wp-content\/uploads\/2018\/10\/08_feuilles_lea_richarde.jpg'><img loading=\"lazy\" decoding=\"async\" width=\"169\" height=\"300\" src=\"https:\/\/www.fablab-sud31.fr\/wp-content\/uploads\/2018\/10\/08_feuilles_lea_richarde-169x300.jpg\" class=\"attachment-medium size-medium\" alt=\"L\u00e9a Richarde\" aria-describedby=\"gallery-1-1164\" srcset=\"https:\/\/www.fablab-sud31.fr\/wp-content\/uploads\/2018\/10\/08_feuilles_lea_richarde-169x300.jpg 169w, https:\/\/www.fablab-sud31.fr\/wp-content\/uploads\/2018\/10\/08_feuilles_lea_richarde-768x1361.jpg 768w, https:\/\/www.fablab-sud31.fr\/wp-content\/uploads\/2018\/10\/08_feuilles_lea_richarde-578x1024.jpg 578w, https:\/\/www.fablab-sud31.fr\/wp-content\/uploads\/2018\/10\/08_feuilles_lea_richarde.jpg 1080w\" sizes=\"auto, 100vw\" \/><\/a>\n\t\t\t<\/div>\n\t\t\t\t<figcaption class='wp-caption-text gallery-caption' id='gallery-1-1164'>\n\t\t\t\tL\u00e9a Richarde\n\t\t\t\t<\/figcaption><\/figure><figure class='gallery-item'>\n\t\t\t<div class='gallery-icon portrait'>\n\t\t\t\t<a href='https:\/\/www.fablab-sud31.fr\/wp-content\/uploads\/2018\/10\/09_feuilles_laurie_protee_laviolette.jpeg'><img loading=\"lazy\" decoding=\"async\" width=\"169\" height=\"300\" src=\"https:\/\/www.fablab-sud31.fr\/wp-content\/uploads\/2018\/10\/09_feuilles_laurie_protee_laviolette-169x300.jpeg\" class=\"attachment-medium size-medium\" alt=\"Laurie Protee Laviolette\" aria-describedby=\"gallery-1-1165\" srcset=\"https:\/\/www.fablab-sud31.fr\/wp-content\/uploads\/2018\/10\/09_feuilles_laurie_protee_laviolette-169x300.jpeg 169w, https:\/\/www.fablab-sud31.fr\/wp-content\/uploads\/2018\/10\/09_feuilles_laurie_protee_laviolette-768x1361.jpeg 768w, https:\/\/www.fablab-sud31.fr\/wp-content\/uploads\/2018\/10\/09_feuilles_laurie_protee_laviolette-578x1024.jpeg 578w, https:\/\/www.fablab-sud31.fr\/wp-content\/uploads\/2018\/10\/09_feuilles_laurie_protee_laviolette.jpeg 1080w\" sizes=\"auto, 100vw\" \/><\/a>\n\t\t\t<\/div>\n\t\t\t\t<figcaption class='wp-caption-text gallery-caption' id='gallery-1-1165'>\n\t\t\t\tLaurie Protee Laviolette\n\t\t\t\t<\/figcaption><\/figure><figure class='gallery-item'>\n\t\t\t<div class='gallery-icon portrait'>\n\t\t\t\t<a href='https:\/\/www.fablab-sud31.fr\/wp-content\/uploads\/2018\/10\/10_feuilles_laurie_protee_laviolette.jpeg'><img loading=\"lazy\" decoding=\"async\" width=\"169\" height=\"300\" src=\"https:\/\/www.fablab-sud31.fr\/wp-content\/uploads\/2018\/10\/10_feuilles_laurie_protee_laviolette-169x300.jpeg\" class=\"attachment-medium size-medium\" alt=\"Laurie Protee Laviolette\" aria-describedby=\"gallery-1-1166\" srcset=\"https:\/\/www.fablab-sud31.fr\/wp-content\/uploads\/2018\/10\/10_feuilles_laurie_protee_laviolette-169x300.jpeg 169w, https:\/\/www.fablab-sud31.fr\/wp-content\/uploads\/2018\/10\/10_feuilles_laurie_protee_laviolette-768x1361.jpeg 768w, https:\/\/www.fablab-sud31.fr\/wp-content\/uploads\/2018\/10\/10_feuilles_laurie_protee_laviolette-578x1024.jpeg 578w, https:\/\/www.fablab-sud31.fr\/wp-content\/uploads\/2018\/10\/10_feuilles_laurie_protee_laviolette.jpeg 1080w\" sizes=\"auto, 100vw\" \/><\/a>\n\t\t\t<\/div>\n\t\t\t\t<figcaption class='wp-caption-text gallery-caption' id='gallery-1-1166'>\n\t\t\t\tLaurie Protee Laviolette\n\t\t\t\t<\/figcaption><\/figure>\n\t\t<\/div>\n\n<h4>Liens<\/h4>\n<p>Le mod\u00e8le de feuille :\u00a0<a href=\"https:\/\/www.thingiverse.com\/thing:2817463\" class=\"external external_icon\" rel=\"nofollow\" target=\"_blank\">https:\/\/www.thingiverse.com\/thing:2817463<\/a><\/p>\n","protected":false},"excerpt":{"rendered":"<p>Par Francis Micheli C&rsquo;est quoi ? J&rsquo;ai pu aider une amie pour un concours (Les victoires de la coiffure) qui a eu lieu mi-octobre 2018. Il s&rsquo;agit de Vanessa Taupiac, &hellip; <\/p>\n<p class=\"link-more\"><a href=\"https:\/\/www.fablab-sud31.fr\/index.php\/feuilles-pour-chignon\" class=\"more-link\">Continuer la lecture<span class=\"screen-reader-text\"> de &laquo;&nbsp;Feuilles pour chignon&nbsp;&raquo;<\/span><\/a><\/p>\n","protected":false},"author":1,"featured_media":1167,"parent":0,"menu_order":0,"comment_status":"closed","ping_status":"closed","template":"","meta":{"footnotes":""},"class_list":["post-1156","page","type-page","status-publish","has-post-thumbnail","hentry"],"_links":{"self":[{"href":"https:\/\/www.fablab-sud31.fr\/index.php\/wp-json\/wp\/v2\/pages\/1156","targetHints":{"allow":["GET"]}}],"collection":[{"href":"https:\/\/www.fablab-sud31.fr\/index.php\/wp-json\/wp\/v2\/pages"}],"about":[{"href":"https:\/\/www.fablab-sud31.fr\/index.php\/wp-json\/wp\/v2\/types\/page"}],"author":[{"embeddable":true,"href":"https:\/\/www.fablab-sud31.fr\/index.php\/wp-json\/wp\/v2\/users\/1"}],"replies":[{"embeddable":true,"href":"https:\/\/www.fablab-sud31.fr\/index.php\/wp-json\/wp\/v2\/comments?post=1156"}],"version-history":[{"count":7,"href":"https:\/\/www.fablab-sud31.fr\/index.php\/wp-json\/wp\/v2\/pages\/1156\/revisions"}],"predecessor-version":[{"id":1401,"href":"https:\/\/www.fablab-sud31.fr\/index.php\/wp-json\/wp\/v2\/pages\/1156\/revisions\/1401"}],"wp:featuredmedia":[{"embeddable":true,"href":"https:\/\/www.fablab-sud31.fr\/index.php\/wp-json\/wp\/v2\/media\/1167"}],"wp:attachment":[{"href":"https:\/\/www.fablab-sud31.fr\/index.php\/wp-json\/wp\/v2\/media?parent=1156"}],"curies":[{"name":"wp","href":"https:\/\/api.w.org\/{rel}","templated":true}]}}