{"id":1138,"date":"2018-10-20T07:08:44","date_gmt":"2018-10-20T05:08:44","guid":{"rendered":"https:\/\/www.fablab-sud31.fr\/?page_id=1138"},"modified":"2018-10-20T07:16:43","modified_gmt":"2018-10-20T05:16:43","slug":"boutons-de-clef","status":"publish","type":"page","link":"https:\/\/www.fablab-sud31.fr\/index.php\/boutons-de-clef","title":{"rendered":"Boutons de clef"},"content":{"rendered":"<h1><em>Par Francis Micheli<\/em><\/h1>\n<h4>C&rsquo;est quoi ?<\/h4>\n<p>Les boutons de ma clef de voiture (Toyota Yaris) s&rsquo;\u00e9taient us\u00e9s au point de tomber de la clef. Je les ai mesur\u00e9s et mod\u00e9lis\u00e9s sous OpenSCAD (si c&rsquo;\u00e9tait \u00e0 refaire, je prendrais FreeCAD !)<\/p>\n<p>J&rsquo;en ai profit\u00e9 pour remplacer les boutons noir par un rouge bien p\u00e9tant. L&rsquo;impression a r\u00e9ussi du premier coup.<\/p>\n<p>Refaire une clef peut co\u00fbter jusqu&rsquo;\u00e0 200 \u20ac<\/p>\n<h4>Outillage utilis\u00e9<\/h4>\n<ul>\n<li>Imprimante 3D Prusa i3<\/li>\n<\/ul>\n<h4>Photos<\/h4>\n<div id='gallery-1' class='gallery galleryid-1138 gallery-columns-4 gallery-size-medium'><figure class='gallery-item'>\n\t\t\t<div class='gallery-icon landscape'>\n\t\t\t\t<a href='https:\/\/www.fablab-sud31.fr\/wp-content\/uploads\/2018\/10\/bouton_clef_03.png'><img loading=\"lazy\" decoding=\"async\" width=\"300\" height=\"175\" src=\"https:\/\/www.fablab-sud31.fr\/wp-content\/uploads\/2018\/10\/bouton_clef_03-300x175.png\" class=\"attachment-medium size-medium\" alt=\"Boutons de clef - conception\" aria-describedby=\"gallery-1-1141\" srcset=\"https:\/\/www.fablab-sud31.fr\/wp-content\/uploads\/2018\/10\/bouton_clef_03-300x175.png 300w, https:\/\/www.fablab-sud31.fr\/wp-content\/uploads\/2018\/10\/bouton_clef_03-768x448.png 768w, https:\/\/www.fablab-sud31.fr\/wp-content\/uploads\/2018\/10\/bouton_clef_03-1024x597.png 1024w, https:\/\/www.fablab-sud31.fr\/wp-content\/uploads\/2018\/10\/bouton_clef_03.png 1317w\" sizes=\"auto, 100vw\" \/><\/a>\n\t\t\t<\/div>\n\t\t\t\t<figcaption class='wp-caption-text gallery-caption' id='gallery-1-1141'>\n\t\t\t\tBoutons de clef &#8211;  conception\n\t\t\t\t<\/figcaption><\/figure><figure class='gallery-item'>\n\t\t\t<div class='gallery-icon landscape'>\n\t\t\t\t<a href='https:\/\/www.fablab-sud31.fr\/wp-content\/uploads\/2018\/10\/bouton_clef_01.jpg'><img loading=\"lazy\" decoding=\"async\" width=\"300\" height=\"225\" src=\"https:\/\/www.fablab-sud31.fr\/wp-content\/uploads\/2018\/10\/bouton_clef_01-300x225.jpg\" class=\"attachment-medium size-medium\" alt=\"Boutons de clef - \u00e9clat\u00e9\" aria-describedby=\"gallery-1-1140\" srcset=\"https:\/\/www.fablab-sud31.fr\/wp-content\/uploads\/2018\/10\/bouton_clef_01-300x225.jpg 300w, https:\/\/www.fablab-sud31.fr\/wp-content\/uploads\/2018\/10\/bouton_clef_01-768x576.jpg 768w, https:\/\/www.fablab-sud31.fr\/wp-content\/uploads\/2018\/10\/bouton_clef_01-1024x768.jpg 1024w\" sizes=\"auto, 100vw\" \/><\/a>\n\t\t\t<\/div>\n\t\t\t\t<figcaption class='wp-caption-text gallery-caption' id='gallery-1-1140'>\n\t\t\t\tBoutons de clef &#8211;  \u00e9clat\u00e9\n\t\t\t\t<\/figcaption><\/figure><figure class='gallery-item'>\n\t\t\t<div class='gallery-icon landscape'>\n\t\t\t\t<a href='https:\/\/www.fablab-sud31.fr\/wp-content\/uploads\/2018\/10\/bouton_clef_main.jpg'><img loading=\"lazy\" decoding=\"async\" width=\"300\" height=\"225\" src=\"https:\/\/www.fablab-sud31.fr\/wp-content\/uploads\/2018\/10\/bouton_clef_main-300x225.jpg\" class=\"attachment-medium size-medium\" alt=\"Boutons de clef - en place\" aria-describedby=\"gallery-1-1142\" srcset=\"https:\/\/www.fablab-sud31.fr\/wp-content\/uploads\/2018\/10\/bouton_clef_main-300x225.jpg 300w, https:\/\/www.fablab-sud31.fr\/wp-content\/uploads\/2018\/10\/bouton_clef_main-768x576.jpg 768w, https:\/\/www.fablab-sud31.fr\/wp-content\/uploads\/2018\/10\/bouton_clef_main-1024x768.jpg 1024w\" sizes=\"auto, 100vw\" \/><\/a>\n\t\t\t<\/div>\n\t\t\t\t<figcaption class='wp-caption-text gallery-caption' id='gallery-1-1142'>\n\t\t\t\tBoutons de clef &#8211;  en place\n\t\t\t\t<\/figcaption><\/figure>\n\t\t<\/div>\n\n<h4>Liens<\/h4>\n<p>Fichier source des boutons :\u00a0<a href=\"https:\/\/www.fablab-sud31.fr\/wp-content\/uploads\/2018\/10\/bouton_clef.zip\">https:\/\/www.fablab-sud31.fr\/wp-content\/uploads\/2018\/10\/bouton_clef.zip<\/a><\/p>\n<p>&nbsp;<\/p>\n","protected":false},"excerpt":{"rendered":"<p>Par Francis Micheli C&rsquo;est quoi ? Les boutons de ma clef de voiture (Toyota Yaris) s&rsquo;\u00e9taient us\u00e9s au point de tomber de la clef. Je les ai mesur\u00e9s et mod\u00e9lis\u00e9s &hellip; <\/p>\n<p class=\"link-more\"><a href=\"https:\/\/www.fablab-sud31.fr\/index.php\/boutons-de-clef\" class=\"more-link\">Continuer la lecture<span class=\"screen-reader-text\"> de &laquo;&nbsp;Boutons de clef&nbsp;&raquo;<\/span><\/a><\/p>\n","protected":false},"author":1,"featured_media":1142,"parent":0,"menu_order":0,"comment_status":"closed","ping_status":"closed","template":"","meta":{"footnotes":""},"class_list":["post-1138","page","type-page","status-publish","has-post-thumbnail","hentry"],"_links":{"self":[{"href":"https:\/\/www.fablab-sud31.fr\/index.php\/wp-json\/wp\/v2\/pages\/1138","targetHints":{"allow":["GET"]}}],"collection":[{"href":"https:\/\/www.fablab-sud31.fr\/index.php\/wp-json\/wp\/v2\/pages"}],"about":[{"href":"https:\/\/www.fablab-sud31.fr\/index.php\/wp-json\/wp\/v2\/types\/page"}],"author":[{"embeddable":true,"href":"https:\/\/www.fablab-sud31.fr\/index.php\/wp-json\/wp\/v2\/users\/1"}],"replies":[{"embeddable":true,"href":"https:\/\/www.fablab-sud31.fr\/index.php\/wp-json\/wp\/v2\/comments?post=1138"}],"version-history":[{"count":5,"href":"https:\/\/www.fablab-sud31.fr\/index.php\/wp-json\/wp\/v2\/pages\/1138\/revisions"}],"predecessor-version":[{"id":1153,"href":"https:\/\/www.fablab-sud31.fr\/index.php\/wp-json\/wp\/v2\/pages\/1138\/revisions\/1153"}],"wp:featuredmedia":[{"embeddable":true,"href":"https:\/\/www.fablab-sud31.fr\/index.php\/wp-json\/wp\/v2\/media\/1142"}],"wp:attachment":[{"href":"https:\/\/www.fablab-sud31.fr\/index.php\/wp-json\/wp\/v2\/media?parent=1138"}],"curies":[{"name":"wp","href":"https:\/\/api.w.org\/{rel}","templated":true}]}}