{"id":1119,"date":"2018-09-13T17:55:40","date_gmt":"2018-09-13T15:55:40","guid":{"rendered":"https:\/\/www.fablab-sud31.fr\/?page_id=1119"},"modified":"2026-02-07T15:32:33","modified_gmt":"2026-02-07T14:32:33","slug":"pochoir-de-rue","status":"publish","type":"page","link":"https:\/\/www.fablab-sud31.fr\/index.php\/pochoir-de-rue","title":{"rendered":"Pochoir de rue"},"content":{"rendered":"<h1><em>Par Muriel Goudol et Laurent Padiou<\/em><\/h1>\n<h4>C&rsquo;est quoi ?<\/h4>\n<p>Ces pochoirs de rue ont \u00e9t\u00e9 r\u00e9alis\u00e9s dans le cadre du festival \u00ab Les frissonnantes \u00bb, pilot\u00e9 par la mairie de Cintegabelle, du 21 septembre 2018 au 23 septembre 2018.<\/p>\n<p>Les pochoirs serviront \u00e0 peindre dans les rue de la ville le programme du festival, programme comprenant exposition photo, th\u00e9\u00e2tre et musique.<\/p>\n<h4>Outillage utilis\u00e9<\/h4>\n<ul>\n<li>D\u00e9coupeuse laser KH-750<\/li>\n<\/ul>\n<h4>Photos<\/h4>\n<div id='gallery-1' class='gallery galleryid-1119 gallery-columns-4 gallery-size-medium'><figure class='gallery-item'>\n\t\t\t<div class='gallery-icon landscape'>\n\t\t\t\t<a href='https:\/\/www.fablab-sud31.fr\/wp-content\/uploads\/2018\/09\/frissonnantes_01.jpg'><img loading=\"lazy\" decoding=\"async\" width=\"300\" height=\"200\" src=\"https:\/\/www.fablab-sud31.fr\/wp-content\/uploads\/2018\/09\/frissonnantes_01-300x200.jpg\" class=\"attachment-medium size-medium\" alt=\"Les frissonnantes - D\u00e9coupe pochoir\" aria-describedby=\"gallery-1-1120\" srcset=\"https:\/\/www.fablab-sud31.fr\/wp-content\/uploads\/2018\/09\/frissonnantes_01-300x200.jpg 300w, https:\/\/www.fablab-sud31.fr\/wp-content\/uploads\/2018\/09\/frissonnantes_01-768x512.jpg 768w, https:\/\/www.fablab-sud31.fr\/wp-content\/uploads\/2018\/09\/frissonnantes_01-1024x683.jpg 1024w\" sizes=\"auto, 100vw\" \/><\/a>\n\t\t\t<\/div>\n\t\t\t\t<figcaption class='wp-caption-text gallery-caption' id='gallery-1-1120'>\n\t\t\t\tLes frissonnantes &#8211; D\u00e9coupe pochoir\n\t\t\t\t<\/figcaption><\/figure><figure class='gallery-item'>\n\t\t\t<div class='gallery-icon landscape'>\n\t\t\t\t<a href='https:\/\/www.fablab-sud31.fr\/wp-content\/uploads\/2018\/09\/frissonnantes_02.jpg'><img loading=\"lazy\" decoding=\"async\" width=\"300\" height=\"200\" src=\"https:\/\/www.fablab-sud31.fr\/wp-content\/uploads\/2018\/09\/frissonnantes_02-300x200.jpg\" class=\"attachment-medium size-medium\" alt=\"Les frissonnantes - D\u00e9coupe pochoir\" aria-describedby=\"gallery-1-1121\" srcset=\"https:\/\/www.fablab-sud31.fr\/wp-content\/uploads\/2018\/09\/frissonnantes_02-300x200.jpg 300w, https:\/\/www.fablab-sud31.fr\/wp-content\/uploads\/2018\/09\/frissonnantes_02-768x512.jpg 768w, https:\/\/www.fablab-sud31.fr\/wp-content\/uploads\/2018\/09\/frissonnantes_02-1024x683.jpg 1024w\" sizes=\"auto, 100vw\" \/><\/a>\n\t\t\t<\/div>\n\t\t\t\t<figcaption class='wp-caption-text gallery-caption' id='gallery-1-1121'>\n\t\t\t\tLes frissonnantes &#8211; D\u00e9coupe pochoir\n\t\t\t\t<\/figcaption><\/figure><figure class='gallery-item'>\n\t\t\t<div class='gallery-icon portrait'>\n\t\t\t\t<a href='https:\/\/www.fablab-sud31.fr\/wp-content\/uploads\/2018\/09\/frissonnantes_03-e1536389723652.jpg'><img loading=\"lazy\" decoding=\"async\" width=\"200\" height=\"300\" src=\"https:\/\/www.fablab-sud31.fr\/wp-content\/uploads\/2018\/09\/frissonnantes_03-e1536389723652-200x300.jpg\" class=\"attachment-medium size-medium\" alt=\"Les frissonnantes - pochoir apr\u00e8s d\u00e9coupe\" aria-describedby=\"gallery-1-1122\" srcset=\"https:\/\/www.fablab-sud31.fr\/wp-content\/uploads\/2018\/09\/frissonnantes_03-e1536389723652-200x300.jpg 200w, https:\/\/www.fablab-sud31.fr\/wp-content\/uploads\/2018\/09\/frissonnantes_03-e1536389723652-768x1152.jpg 768w, https:\/\/www.fablab-sud31.fr\/wp-content\/uploads\/2018\/09\/frissonnantes_03-e1536389723652-683x1024.jpg 683w\" sizes=\"auto, 100vw\" \/><\/a>\n\t\t\t<\/div>\n\t\t\t\t<figcaption class='wp-caption-text gallery-caption' id='gallery-1-1122'>\n\t\t\t\tLes frissonnantes &#8211; pochoir apr\u00e8s d\u00e9coupe\n\t\t\t\t<\/figcaption><\/figure><figure class='gallery-item'>\n\t\t\t<div class='gallery-icon landscape'>\n\t\t\t\t<a href='https:\/\/www.fablab-sud31.fr\/wp-content\/uploads\/2018\/09\/frissonnantes_05.jpg'><img loading=\"lazy\" decoding=\"async\" width=\"300\" height=\"225\" src=\"https:\/\/www.fablab-sud31.fr\/wp-content\/uploads\/2018\/09\/frissonnantes_05-300x225.jpg\" class=\"attachment-medium size-medium\" alt=\"Les frissonnantes - Apr\u00e8s peinture\" aria-describedby=\"gallery-1-1126\" srcset=\"https:\/\/www.fablab-sud31.fr\/wp-content\/uploads\/2018\/09\/frissonnantes_05-300x225.jpg 300w, https:\/\/www.fablab-sud31.fr\/wp-content\/uploads\/2018\/09\/frissonnantes_05-768x576.jpg 768w, https:\/\/www.fablab-sud31.fr\/wp-content\/uploads\/2018\/09\/frissonnantes_05-1024x768.jpg 1024w\" sizes=\"auto, 100vw\" \/><\/a>\n\t\t\t<\/div>\n\t\t\t\t<figcaption class='wp-caption-text gallery-caption' id='gallery-1-1126'>\n\t\t\t\tLes frissonnantes &#8211; Apr\u00e8s peinture\n\t\t\t\t<\/figcaption><\/figure><figure class='gallery-item'>\n\t\t\t<div class='gallery-icon landscape'>\n\t\t\t\t<a href='https:\/\/www.fablab-sud31.fr\/wp-content\/uploads\/2018\/09\/frissonnantes_04.jpg'><img loading=\"lazy\" decoding=\"async\" width=\"300\" height=\"225\" src=\"https:\/\/www.fablab-sud31.fr\/wp-content\/uploads\/2018\/09\/frissonnantes_04-300x225.jpg\" class=\"attachment-medium size-medium\" alt=\"Les frissonnantes - Apr\u00e8s peinture\" aria-describedby=\"gallery-1-1125\" srcset=\"https:\/\/www.fablab-sud31.fr\/wp-content\/uploads\/2018\/09\/frissonnantes_04-300x225.jpg 300w, https:\/\/www.fablab-sud31.fr\/wp-content\/uploads\/2018\/09\/frissonnantes_04-768x576.jpg 768w, https:\/\/www.fablab-sud31.fr\/wp-content\/uploads\/2018\/09\/frissonnantes_04-1024x768.jpg 1024w\" sizes=\"auto, 100vw\" \/><\/a>\n\t\t\t<\/div>\n\t\t\t\t<figcaption class='wp-caption-text gallery-caption' id='gallery-1-1125'>\n\t\t\t\tLes frissonnantes &#8211; Apr\u00e8s peinture\n\t\t\t\t<\/figcaption><\/figure>\n\t\t<\/div>\n\n<h4>Liens<\/h4>\n<p>Les frissonnantes :\u00a0<a href=\"http:\/\/mairie-cintegabelle.fr\/index.php\/les-frissonnantes\/\" class=\"external external_icon\" rel=\"nofollow\" target=\"_blank\">http:\/\/mairie-cintegabelle.fr\/index.php\/les-frissonnantes\/<\/a><\/p>\n<p>Laurent Padiou :\u00a0<a href=\"https:\/\/www.laurentpadiou.com\/\" class=\"external external_icon\" rel=\"nofollow\" target=\"_blank\">https:\/\/www.laurentpadiou.com\/<\/a><\/p>\n","protected":false},"excerpt":{"rendered":"<p>Par Muriel Goudol et Laurent Padiou C&rsquo;est quoi ? Ces pochoirs de rue ont \u00e9t\u00e9 r\u00e9alis\u00e9s dans le cadre du festival \u00ab Les frissonnantes \u00bb, pilot\u00e9 par la mairie de &hellip; <\/p>\n<p class=\"link-more\"><a href=\"https:\/\/www.fablab-sud31.fr\/index.php\/pochoir-de-rue\" class=\"more-link\">Continuer la lecture<span class=\"screen-reader-text\"> de &laquo;&nbsp;Pochoir de rue&nbsp;&raquo;<\/span><\/a><\/p>\n","protected":false},"author":1,"featured_media":1123,"parent":0,"menu_order":0,"comment_status":"closed","ping_status":"closed","template":"","meta":{"footnotes":""},"class_list":["post-1119","page","type-page","status-publish","has-post-thumbnail","hentry"],"_links":{"self":[{"href":"https:\/\/www.fablab-sud31.fr\/index.php\/wp-json\/wp\/v2\/pages\/1119","targetHints":{"allow":["GET"]}}],"collection":[{"href":"https:\/\/www.fablab-sud31.fr\/index.php\/wp-json\/wp\/v2\/pages"}],"about":[{"href":"https:\/\/www.fablab-sud31.fr\/index.php\/wp-json\/wp\/v2\/types\/page"}],"author":[{"embeddable":true,"href":"https:\/\/www.fablab-sud31.fr\/index.php\/wp-json\/wp\/v2\/users\/1"}],"replies":[{"embeddable":true,"href":"https:\/\/www.fablab-sud31.fr\/index.php\/wp-json\/wp\/v2\/comments?post=1119"}],"version-history":[{"count":5,"href":"https:\/\/www.fablab-sud31.fr\/index.php\/wp-json\/wp\/v2\/pages\/1119\/revisions"}],"predecessor-version":[{"id":1608,"href":"https:\/\/www.fablab-sud31.fr\/index.php\/wp-json\/wp\/v2\/pages\/1119\/revisions\/1608"}],"wp:featuredmedia":[{"embeddable":true,"href":"https:\/\/www.fablab-sud31.fr\/index.php\/wp-json\/wp\/v2\/media\/1123"}],"wp:attachment":[{"href":"https:\/\/www.fablab-sud31.fr\/index.php\/wp-json\/wp\/v2\/media?parent=1119"}],"curies":[{"name":"wp","href":"https:\/\/api.w.org\/{rel}","templated":true}]}}