{"id":1099,"date":"2018-08-20T22:22:13","date_gmt":"2018-08-20T20:22:13","guid":{"rendered":"https:\/\/www.fablab-sud31.fr\/?page_id=1099"},"modified":"2018-08-20T22:22:13","modified_gmt":"2018-08-20T20:22:13","slug":"sous-verres-en-liege","status":"publish","type":"page","link":"https:\/\/www.fablab-sud31.fr\/index.php\/sous-verres-en-liege","title":{"rendered":"Sous-verres en li\u00e8ge"},"content":{"rendered":"<h1><em>Par Laurent Padiou<\/em><\/h1>\n<h4>C&rsquo;est quoi ?<\/h4>\n<div>Ces gravures sur li\u00e8ge ont \u00e9t\u00e9 r\u00e9alis\u00e9es pour offrir \u00e0 des amis ou clients. Les motifs sont de trois types :\u00a0 logotypes, illustrations vectorielles personnelles et photographie.<\/div>\n<div><\/div>\n<div>C&rsquo;est un excellent moyen de faire des \u00ab\u00a0petits cadeaux personnalis\u00e9s\u00a0\u00bb.<\/div>\n<h4>Outillage utilis\u00e9<\/h4>\n<ul>\n<li>D\u00e9coupeuse laser KH-750<\/li>\n<\/ul>\n<h4>Photos<\/h4>\n<div id='gallery-1' class='gallery galleryid-1099 gallery-columns-4 gallery-size-medium'><figure class='gallery-item'>\n\t\t\t<div class='gallery-icon landscape'>\n\t\t\t\t<a href='https:\/\/www.fablab-sud31.fr\/wp-content\/uploads\/2018\/07\/sous_verres_01.jpg'><img loading=\"lazy\" decoding=\"async\" width=\"300\" height=\"200\" src=\"https:\/\/www.fablab-sud31.fr\/wp-content\/uploads\/2018\/07\/sous_verres_01-300x200.jpg\" class=\"attachment-medium size-medium\" alt=\"Sous-verre 01\" aria-describedby=\"gallery-1-1100\" srcset=\"https:\/\/www.fablab-sud31.fr\/wp-content\/uploads\/2018\/07\/sous_verres_01-300x200.jpg 300w, https:\/\/www.fablab-sud31.fr\/wp-content\/uploads\/2018\/07\/sous_verres_01-768x512.jpg 768w, https:\/\/www.fablab-sud31.fr\/wp-content\/uploads\/2018\/07\/sous_verres_01-1024x683.jpg 1024w\" sizes=\"auto, 100vw\" \/><\/a>\n\t\t\t<\/div>\n\t\t\t\t<figcaption class='wp-caption-text gallery-caption' id='gallery-1-1100'>\n\t\t\t\tSous-verre\n\t\t\t\t<\/figcaption><\/figure><figure class='gallery-item'>\n\t\t\t<div class='gallery-icon landscape'>\n\t\t\t\t<a href='https:\/\/www.fablab-sud31.fr\/wp-content\/uploads\/2018\/07\/sous_verres_02.jpg'><img loading=\"lazy\" decoding=\"async\" width=\"300\" height=\"200\" src=\"https:\/\/www.fablab-sud31.fr\/wp-content\/uploads\/2018\/07\/sous_verres_02-300x200.jpg\" class=\"attachment-medium size-medium\" alt=\"Sous-verre 02\" aria-describedby=\"gallery-1-1101\" srcset=\"https:\/\/www.fablab-sud31.fr\/wp-content\/uploads\/2018\/07\/sous_verres_02-300x200.jpg 300w, https:\/\/www.fablab-sud31.fr\/wp-content\/uploads\/2018\/07\/sous_verres_02-768x512.jpg 768w, https:\/\/www.fablab-sud31.fr\/wp-content\/uploads\/2018\/07\/sous_verres_02-1024x683.jpg 1024w\" sizes=\"auto, 100vw\" \/><\/a>\n\t\t\t<\/div>\n\t\t\t\t<figcaption class='wp-caption-text gallery-caption' id='gallery-1-1101'>\n\t\t\t\tSous-verre\n\t\t\t\t<\/figcaption><\/figure><figure class='gallery-item'>\n\t\t\t<div class='gallery-icon landscape'>\n\t\t\t\t<a href='https:\/\/www.fablab-sud31.fr\/wp-content\/uploads\/2018\/07\/sous_verres_03.jpg'><img loading=\"lazy\" decoding=\"async\" width=\"300\" height=\"200\" src=\"https:\/\/www.fablab-sud31.fr\/wp-content\/uploads\/2018\/07\/sous_verres_03-300x200.jpg\" class=\"attachment-medium size-medium\" alt=\"Sous-verre 03\" aria-describedby=\"gallery-1-1102\" srcset=\"https:\/\/www.fablab-sud31.fr\/wp-content\/uploads\/2018\/07\/sous_verres_03-300x200.jpg 300w, https:\/\/www.fablab-sud31.fr\/wp-content\/uploads\/2018\/07\/sous_verres_03-768x512.jpg 768w, https:\/\/www.fablab-sud31.fr\/wp-content\/uploads\/2018\/07\/sous_verres_03-1024x683.jpg 1024w\" sizes=\"auto, 100vw\" \/><\/a>\n\t\t\t<\/div>\n\t\t\t\t<figcaption class='wp-caption-text gallery-caption' id='gallery-1-1102'>\n\t\t\t\tSous-verre\n\t\t\t\t<\/figcaption><\/figure><figure class='gallery-item'>\n\t\t\t<div class='gallery-icon landscape'>\n\t\t\t\t<a href='https:\/\/www.fablab-sud31.fr\/wp-content\/uploads\/2018\/07\/sous_verres_04.jpg'><img loading=\"lazy\" decoding=\"async\" width=\"300\" height=\"200\" src=\"https:\/\/www.fablab-sud31.fr\/wp-content\/uploads\/2018\/07\/sous_verres_04-300x200.jpg\" class=\"attachment-medium size-medium\" alt=\"Sous-verre 04\" aria-describedby=\"gallery-1-1103\" srcset=\"https:\/\/www.fablab-sud31.fr\/wp-content\/uploads\/2018\/07\/sous_verres_04-300x200.jpg 300w, https:\/\/www.fablab-sud31.fr\/wp-content\/uploads\/2018\/07\/sous_verres_04-768x512.jpg 768w, https:\/\/www.fablab-sud31.fr\/wp-content\/uploads\/2018\/07\/sous_verres_04-1024x683.jpg 1024w\" sizes=\"auto, 100vw\" \/><\/a>\n\t\t\t<\/div>\n\t\t\t\t<figcaption class='wp-caption-text gallery-caption' id='gallery-1-1103'>\n\t\t\t\tSous-verre\n\t\t\t\t<\/figcaption><\/figure>\n\t\t<\/div>\n\n<p>&nbsp;<\/p>\n","protected":false},"excerpt":{"rendered":"<p>Par Laurent Padiou C&rsquo;est quoi ? Ces gravures sur li\u00e8ge ont \u00e9t\u00e9 r\u00e9alis\u00e9es pour offrir \u00e0 des amis ou clients. Les motifs sont de trois types :\u00a0 logotypes, illustrations vectorielles &hellip; <\/p>\n<p class=\"link-more\"><a href=\"https:\/\/www.fablab-sud31.fr\/index.php\/sous-verres-en-liege\" class=\"more-link\">Continuer la lecture<span class=\"screen-reader-text\"> de &laquo;&nbsp;Sous-verres en li\u00e8ge&nbsp;&raquo;<\/span><\/a><\/p>\n","protected":false},"author":1,"featured_media":1105,"parent":0,"menu_order":0,"comment_status":"closed","ping_status":"closed","template":"","meta":{"footnotes":""},"class_list":["post-1099","page","type-page","status-publish","has-post-thumbnail","hentry"],"_links":{"self":[{"href":"https:\/\/www.fablab-sud31.fr\/index.php\/wp-json\/wp\/v2\/pages\/1099","targetHints":{"allow":["GET"]}}],"collection":[{"href":"https:\/\/www.fablab-sud31.fr\/index.php\/wp-json\/wp\/v2\/pages"}],"about":[{"href":"https:\/\/www.fablab-sud31.fr\/index.php\/wp-json\/wp\/v2\/types\/page"}],"author":[{"embeddable":true,"href":"https:\/\/www.fablab-sud31.fr\/index.php\/wp-json\/wp\/v2\/users\/1"}],"replies":[{"embeddable":true,"href":"https:\/\/www.fablab-sud31.fr\/index.php\/wp-json\/wp\/v2\/comments?post=1099"}],"version-history":[{"count":2,"href":"https:\/\/www.fablab-sud31.fr\/index.php\/wp-json\/wp\/v2\/pages\/1099\/revisions"}],"predecessor-version":[{"id":1109,"href":"https:\/\/www.fablab-sud31.fr\/index.php\/wp-json\/wp\/v2\/pages\/1099\/revisions\/1109"}],"wp:featuredmedia":[{"embeddable":true,"href":"https:\/\/www.fablab-sud31.fr\/index.php\/wp-json\/wp\/v2\/media\/1105"}],"wp:attachment":[{"href":"https:\/\/www.fablab-sud31.fr\/index.php\/wp-json\/wp\/v2\/media?parent=1099"}],"curies":[{"name":"wp","href":"https:\/\/api.w.org\/{rel}","templated":true}]}}