{"id":1085,"date":"2018-07-27T07:31:54","date_gmt":"2018-07-27T05:31:54","guid":{"rendered":"https:\/\/www.fablab-sud31.fr\/?page_id=1085"},"modified":"2018-07-27T07:31:54","modified_gmt":"2018-07-27T05:31:54","slug":"picoprint","status":"publish","type":"page","link":"https:\/\/www.fablab-sud31.fr\/index.php\/picoprint","title":{"rendered":"PicoPrint"},"content":{"rendered":"<h1><em>Par S\u00e9bastien Durand<\/em><\/h1>\n<h4>C&rsquo;est quoi ?<\/h4>\n<p>La PicoPrint est un traceur vectoriel programm\u00e9 en Java permettant de tracer sur un tableau blanc un dessin.<\/p>\n<h4>Outillage utilis\u00e9<\/h4>\n<ul>\n<li>Imprimante 3D Ultimaker 2+<\/li>\n<li>Labo \u00e9lectronique<\/li>\n<\/ul>\n<h4>Photos<\/h4>\n<div id='gallery-1' class='gallery galleryid-1085 gallery-columns-4 gallery-size-medium'><figure class='gallery-item'>\n\t\t\t<div class='gallery-icon landscape'>\n\t\t\t\t<a href='https:\/\/www.fablab-sud31.fr\/wp-content\/uploads\/2018\/07\/picoprint_01.jpg'><img loading=\"lazy\" decoding=\"async\" width=\"300\" height=\"290\" src=\"https:\/\/www.fablab-sud31.fr\/wp-content\/uploads\/2018\/07\/picoprint_01-300x290.jpg\" class=\"attachment-medium size-medium\" alt=\"PicoPrint - Simulateur\" aria-describedby=\"gallery-1-1086\" srcset=\"https:\/\/www.fablab-sud31.fr\/wp-content\/uploads\/2018\/07\/picoprint_01-300x290.jpg 300w, https:\/\/www.fablab-sud31.fr\/wp-content\/uploads\/2018\/07\/picoprint_01-768x742.jpg 768w, https:\/\/www.fablab-sud31.fr\/wp-content\/uploads\/2018\/07\/picoprint_01.jpg 815w\" sizes=\"auto, 100vw\" \/><\/a>\n\t\t\t<\/div>\n\t\t\t\t<figcaption class='wp-caption-text gallery-caption' id='gallery-1-1086'>\n\t\t\t\tPicoPrint &#8211; Simulateur\n\t\t\t\t<\/figcaption><\/figure><figure class='gallery-item'>\n\t\t\t<div class='gallery-icon portrait'>\n\t\t\t\t<a href='https:\/\/www.fablab-sud31.fr\/wp-content\/uploads\/2018\/07\/picoprint_02.jpg'><img loading=\"lazy\" decoding=\"async\" width=\"167\" height=\"300\" src=\"https:\/\/www.fablab-sud31.fr\/wp-content\/uploads\/2018\/07\/picoprint_02-167x300.jpg\" class=\"attachment-medium size-medium\" alt=\"PicoPrint\" aria-describedby=\"gallery-1-1087\" srcset=\"https:\/\/www.fablab-sud31.fr\/wp-content\/uploads\/2018\/07\/picoprint_02-167x300.jpg 167w, https:\/\/www.fablab-sud31.fr\/wp-content\/uploads\/2018\/07\/picoprint_02-571x1024.jpg 571w, https:\/\/www.fablab-sud31.fr\/wp-content\/uploads\/2018\/07\/picoprint_02.jpg 705w\" sizes=\"auto, 100vw\" \/><\/a>\n\t\t\t<\/div>\n\t\t\t\t<figcaption class='wp-caption-text gallery-caption' id='gallery-1-1087'>\n\t\t\t\tPicoPrint\n\t\t\t\t<\/figcaption><\/figure><figure class='gallery-item'>\n\t\t\t<div class='gallery-icon portrait'>\n\t\t\t\t<a href='https:\/\/www.fablab-sud31.fr\/wp-content\/uploads\/2018\/07\/picoprint_03.jpg'><img loading=\"lazy\" decoding=\"async\" width=\"167\" height=\"300\" src=\"https:\/\/www.fablab-sud31.fr\/wp-content\/uploads\/2018\/07\/picoprint_03-167x300.jpg\" class=\"attachment-medium size-medium\" alt=\"PicoPrint - D\u00e9tail\" aria-describedby=\"gallery-1-1088\" srcset=\"https:\/\/www.fablab-sud31.fr\/wp-content\/uploads\/2018\/07\/picoprint_03-167x300.jpg 167w, https:\/\/www.fablab-sud31.fr\/wp-content\/uploads\/2018\/07\/picoprint_03-571x1024.jpg 571w, https:\/\/www.fablab-sud31.fr\/wp-content\/uploads\/2018\/07\/picoprint_03.jpg 705w\" sizes=\"auto, 100vw\" \/><\/a>\n\t\t\t<\/div>\n\t\t\t\t<figcaption class='wp-caption-text gallery-caption' id='gallery-1-1088'>\n\t\t\t\tPicoPrint &#8211; D\u00e9tail\n\t\t\t\t<\/figcaption><\/figure>\n\t\t<\/div>\n\n<h4>Vid\u00e9o<\/h4>\n<p><iframe loading=\"lazy\" title=\"PicoPrint\" width=\"525\" height=\"295\" src=\"https:\/\/www.youtube.com\/embed\/kPk2XT6VtGk?feature=oembed\" frameborder=\"0\" allow=\"accelerometer; autoplay; clipboard-write; encrypted-media; gyroscope; picture-in-picture; web-share\" referrerpolicy=\"strict-origin-when-cross-origin\" allowfullscreen><\/iframe><\/p>\n<h4>Liens<\/h4>\n<p>Code source :\u00a0<a href=\"https:\/\/github.com\/iapafoto\/PicoPrint\" class=\"external external_icon\" rel=\"nofollow\" target=\"_blank\">https:\/\/github.com\/iapafoto\/PicoPrint<\/a><\/p>\n","protected":false},"excerpt":{"rendered":"<p>Par S\u00e9bastien Durand C&rsquo;est quoi ? La PicoPrint est un traceur vectoriel programm\u00e9 en Java permettant de tracer sur un tableau blanc un dessin. Outillage utilis\u00e9 Imprimante 3D Ultimaker 2+ &hellip; <\/p>\n<p class=\"link-more\"><a href=\"https:\/\/www.fablab-sud31.fr\/index.php\/picoprint\" class=\"more-link\">Continuer la lecture<span class=\"screen-reader-text\"> de &laquo;&nbsp;PicoPrint&nbsp;&raquo;<\/span><\/a><\/p>\n","protected":false},"author":1,"featured_media":1092,"parent":0,"menu_order":0,"comment_status":"closed","ping_status":"closed","template":"","meta":{"footnotes":""},"class_list":["post-1085","page","type-page","status-publish","has-post-thumbnail","hentry"],"_links":{"self":[{"href":"https:\/\/www.fablab-sud31.fr\/index.php\/wp-json\/wp\/v2\/pages\/1085","targetHints":{"allow":["GET"]}}],"collection":[{"href":"https:\/\/www.fablab-sud31.fr\/index.php\/wp-json\/wp\/v2\/pages"}],"about":[{"href":"https:\/\/www.fablab-sud31.fr\/index.php\/wp-json\/wp\/v2\/types\/page"}],"author":[{"embeddable":true,"href":"https:\/\/www.fablab-sud31.fr\/index.php\/wp-json\/wp\/v2\/users\/1"}],"replies":[{"embeddable":true,"href":"https:\/\/www.fablab-sud31.fr\/index.php\/wp-json\/wp\/v2\/comments?post=1085"}],"version-history":[{"count":3,"href":"https:\/\/www.fablab-sud31.fr\/index.php\/wp-json\/wp\/v2\/pages\/1085\/revisions"}],"predecessor-version":[{"id":1091,"href":"https:\/\/www.fablab-sud31.fr\/index.php\/wp-json\/wp\/v2\/pages\/1085\/revisions\/1091"}],"wp:featuredmedia":[{"embeddable":true,"href":"https:\/\/www.fablab-sud31.fr\/index.php\/wp-json\/wp\/v2\/media\/1092"}],"wp:attachment":[{"href":"https:\/\/www.fablab-sud31.fr\/index.php\/wp-json\/wp\/v2\/media?parent=1085"}],"curies":[{"name":"wp","href":"https:\/\/api.w.org\/{rel}","templated":true}]}}