{"id":1013,"date":"2018-05-26T14:14:14","date_gmt":"2018-05-26T12:14:14","guid":{"rendered":"https:\/\/www.fablab-sud31.fr\/?page_id=1013"},"modified":"2018-05-26T14:14:14","modified_gmt":"2018-05-26T12:14:14","slug":"boitier-disque-dur-usb-c-vers-sata","status":"publish","type":"page","link":"https:\/\/www.fablab-sud31.fr\/index.php\/boitier-disque-dur-usb-c-vers-sata","title":{"rendered":"Boitier disque dur USB-C vers SATA"},"content":{"rendered":"<h1><em>Par Arnaud Boudou<\/em><\/h1>\n<h4>C&rsquo;est quoi ?<\/h4>\n<p>Le boitier externe USB-C vers SATA 2.5&Prime; est un boitier externe pour disque dur 2.5&Prime; d\u00e9coup\u00e9 au laser. Ce boitier est compatible avec des disques durs faisant jusqu&rsquo;\u00e0 9mm d&rsquo;\u00e9paisseur.<\/p>\n<p>Ce boitier est n\u00e9 quand j&rsquo;ai eu besoin de d\u00e9monter un disque dur externe, d\u00e9montage s&rsquo;\u00e9tant sold\u00e9 par la destruction du boitier. La carte \u00e9lectronique \u00e9tant en bon \u00e9tat et fonctionnelle, j&rsquo;ai d\u00e9cid\u00e9 de la r\u00e9utiliser dans un boitier de mon cru.<\/p>\n<h4>Outillage utilis\u00e9<\/h4>\n<ul>\n<li>D\u00e9coupeuse laser KH-750<\/li>\n<\/ul>\n<h4>Photos<\/h4>\n<div id='gallery-1' class='gallery galleryid-1013 gallery-columns-4 gallery-size-medium'><figure class='gallery-item'>\n\t\t\t<div class='gallery-icon landscape'>\n\t\t\t\t<a href='https:\/\/www.fablab-sud31.fr\/wp-content\/uploads\/2018\/05\/usb_sata_01.jpg'><img loading=\"lazy\" decoding=\"async\" width=\"300\" height=\"225\" src=\"https:\/\/www.fablab-sud31.fr\/wp-content\/uploads\/2018\/05\/usb_sata_01-300x225.jpg\" class=\"attachment-medium size-medium\" alt=\"\" aria-describedby=\"gallery-1-1014\" srcset=\"https:\/\/www.fablab-sud31.fr\/wp-content\/uploads\/2018\/05\/usb_sata_01-300x225.jpg 300w, https:\/\/www.fablab-sud31.fr\/wp-content\/uploads\/2018\/05\/usb_sata_01-768x576.jpg 768w, https:\/\/www.fablab-sud31.fr\/wp-content\/uploads\/2018\/05\/usb_sata_01-1024x768.jpg 1024w\" sizes=\"auto, 100vw\" \/><\/a>\n\t\t\t<\/div>\n\t\t\t\t<figcaption class='wp-caption-text gallery-caption' id='gallery-1-1014'>\n\t\t\t\tBoitier USB-C vers SATA\n\t\t\t\t<\/figcaption><\/figure><figure class='gallery-item'>\n\t\t\t<div class='gallery-icon landscape'>\n\t\t\t\t<a href='https:\/\/www.fablab-sud31.fr\/wp-content\/uploads\/2018\/05\/usb_sata_02.jpg'><img loading=\"lazy\" decoding=\"async\" width=\"300\" height=\"225\" src=\"https:\/\/www.fablab-sud31.fr\/wp-content\/uploads\/2018\/05\/usb_sata_02-300x225.jpg\" class=\"attachment-medium size-medium\" alt=\"\" aria-describedby=\"gallery-1-1015\" srcset=\"https:\/\/www.fablab-sud31.fr\/wp-content\/uploads\/2018\/05\/usb_sata_02-300x225.jpg 300w, https:\/\/www.fablab-sud31.fr\/wp-content\/uploads\/2018\/05\/usb_sata_02-768x576.jpg 768w, https:\/\/www.fablab-sud31.fr\/wp-content\/uploads\/2018\/05\/usb_sata_02-1024x768.jpg 1024w\" sizes=\"auto, 100vw\" \/><\/a>\n\t\t\t<\/div>\n\t\t\t\t<figcaption class='wp-caption-text gallery-caption' id='gallery-1-1015'>\n\t\t\t\tBoitier USB-C vers SATA\n\t\t\t\t<\/figcaption><\/figure><figure class='gallery-item'>\n\t\t\t<div class='gallery-icon landscape'>\n\t\t\t\t<a href='https:\/\/www.fablab-sud31.fr\/wp-content\/uploads\/2018\/05\/usb_sata_03.jpg'><img loading=\"lazy\" decoding=\"async\" width=\"300\" height=\"225\" src=\"https:\/\/www.fablab-sud31.fr\/wp-content\/uploads\/2018\/05\/usb_sata_03-300x225.jpg\" class=\"attachment-medium size-medium\" alt=\"\" aria-describedby=\"gallery-1-1016\" srcset=\"https:\/\/www.fablab-sud31.fr\/wp-content\/uploads\/2018\/05\/usb_sata_03-300x225.jpg 300w, https:\/\/www.fablab-sud31.fr\/wp-content\/uploads\/2018\/05\/usb_sata_03-768x576.jpg 768w, https:\/\/www.fablab-sud31.fr\/wp-content\/uploads\/2018\/05\/usb_sata_03-1024x768.jpg 1024w\" sizes=\"auto, 100vw\" \/><\/a>\n\t\t\t<\/div>\n\t\t\t\t<figcaption class='wp-caption-text gallery-caption' id='gallery-1-1016'>\n\t\t\t\tBoitier USB-C vers SATA\n\t\t\t\t<\/figcaption><\/figure>\n\t\t<\/div>\n\n<h4>Liens<\/h4>\n<p>Le fabriquer :\u00a0<a href=\"https:\/\/github.com\/aboudou\/usbc_sata_25_enclosure\" class=\"external external_icon\" rel=\"nofollow\" target=\"_blank\">https:\/\/github.com\/aboudou\/usbc_sata_25_enclosure<\/a><\/p>\n<p>&nbsp;<\/p>\n","protected":false},"excerpt":{"rendered":"<p>Par Arnaud Boudou C&rsquo;est quoi ? Le boitier externe USB-C vers SATA 2.5&Prime; est un boitier externe pour disque dur 2.5&Prime; d\u00e9coup\u00e9 au laser. Ce boitier est compatible avec des &hellip; <\/p>\n<p class=\"link-more\"><a href=\"https:\/\/www.fablab-sud31.fr\/index.php\/boitier-disque-dur-usb-c-vers-sata\" class=\"more-link\">Continuer la lecture<span class=\"screen-reader-text\"> de &laquo;&nbsp;Boitier disque dur USB-C vers SATA&nbsp;&raquo;<\/span><\/a><\/p>\n","protected":false},"author":1,"featured_media":1014,"parent":0,"menu_order":0,"comment_status":"closed","ping_status":"closed","template":"","meta":{"footnotes":""},"class_list":["post-1013","page","type-page","status-publish","has-post-thumbnail","hentry"],"_links":{"self":[{"href":"https:\/\/www.fablab-sud31.fr\/index.php\/wp-json\/wp\/v2\/pages\/1013","targetHints":{"allow":["GET"]}}],"collection":[{"href":"https:\/\/www.fablab-sud31.fr\/index.php\/wp-json\/wp\/v2\/pages"}],"about":[{"href":"https:\/\/www.fablab-sud31.fr\/index.php\/wp-json\/wp\/v2\/types\/page"}],"author":[{"embeddable":true,"href":"https:\/\/www.fablab-sud31.fr\/index.php\/wp-json\/wp\/v2\/users\/1"}],"replies":[{"embeddable":true,"href":"https:\/\/www.fablab-sud31.fr\/index.php\/wp-json\/wp\/v2\/comments?post=1013"}],"version-history":[{"count":2,"href":"https:\/\/www.fablab-sud31.fr\/index.php\/wp-json\/wp\/v2\/pages\/1013\/revisions"}],"predecessor-version":[{"id":1018,"href":"https:\/\/www.fablab-sud31.fr\/index.php\/wp-json\/wp\/v2\/pages\/1013\/revisions\/1018"}],"wp:featuredmedia":[{"embeddable":true,"href":"https:\/\/www.fablab-sud31.fr\/index.php\/wp-json\/wp\/v2\/media\/1014"}],"wp:attachment":[{"href":"https:\/\/www.fablab-sud31.fr\/index.php\/wp-json\/wp\/v2\/media?parent=1013"}],"curies":[{"name":"wp","href":"https:\/\/api.w.org\/{rel}","templated":true}]}}